{"id":6619,"date":"2018-05-14T16:40:38","date_gmt":"2018-05-14T16:40:38","guid":{"rendered":"http:\/\/antiguacoffee.org\/?page_id=6619"},"modified":"2019-01-09T21:37:51","modified_gmt":"2019-01-09T21:37:51","slug":"denominacion-de-origen","status":"publish","type":"page","link":"http:\/\/antiguacoffee.org\/index.php\/denominacion-de-origen\/","title":{"rendered":"Denominaci\u00f3n de Origen"},"content":{"rendered":"<section class=\"l-section wpb_row height_medium color_primary with_img parallax_hor bgwidth_120\"><div class=\"l-section-img\" style=\"background-image: url(http:\/\/antiguacoffee.org\/wp-content\/uploads\/2018\/04\/007-1.jpg);\" data-img-width=\"2000\" data-img-height=\"1200\"><\/div><div class=\"l-section-overlay\" style=\"background:rgba(0,89,206,0.75)\"><\/div><div class=\"l-section-h i-cf\"><div class=\"g-cols via_grid cols_1 laptops-cols_inherit tablets-cols_inherit mobiles-cols_1 valign_top type_default\"><div class=\"wpb_column vc_column_container\"><div class=\"vc_column-inner\">[vc_custom_heading text=&#8221;<strong>DENOMINACI\u00d3N DE ORIGEN<\/strong>&#8221; font_container=&#8221;tag:h1|font_size:60|text_align:center&#8221; use_theme_fonts=&#8221;yes&#8221; css=&#8221;%7B%22default%22%3A%7B%22font-size%22%3A%2260%22%7D%7D&#8221;]<div class=\"w-iconbox iconpos_top style_default color_custom align_center no_title no_text\"><a href=\"#intro\" class=\"w-iconbox-link\" aria-label=\"fas|chevron-down\"><div class=\"w-iconbox-icon\" style=\"font-size:2rem;color:#ffffff;\"><i class=\"fas fa-chevron-down\"><\/i><\/div><\/a><div class=\"w-iconbox-meta\"><\/div><\/div><div class=\"w-separator size_medium\"><\/div><\/div><\/div><\/div><\/div><\/section><section class=\"l-section wpb_row height_auto color_primary type_sticky\"><div class=\"l-section-h i-cf\"><div class=\"g-cols via_grid cols_1 laptops-cols_inherit tablets-cols_inherit mobiles-cols_1 valign_top type_default\"><div class=\"wpb_column vc_column_container\"><div class=\"vc_column-inner\"><\/div><\/div><\/div><\/div><\/section><section class=\"l-section wpb_row height_large color_alternate\" id=\"intro\"><div class=\"l-section-h i-cf\"><div class=\"g-cols via_grid cols_2-1 laptops-cols_inherit tablets-cols_inherit mobiles-cols_1 valign_top type_default\"><div class=\"wpb_column vc_column_container\"><div class=\"vc_column-inner\"><div class=\"w-image align_center us_animate_afc\"><div class=\"w-image-h\"><img width=\"300\" height=\"232\" src=\"http:\/\/antiguacoffee.org\/wp-content\/uploads\/2018\/04\/apca-logo-1-color-01-01-300x232.png\" class=\"attachment-medium size-medium\" alt=\"\" loading=\"lazy\" srcset=\"http:\/\/antiguacoffee.org\/wp-content\/uploads\/2018\/04\/apca-logo-1-color-01-01-300x232.png 300w, http:\/\/antiguacoffee.org\/wp-content\/uploads\/2018\/04\/apca-logo-1-color-01-01-768x593.png 768w, http:\/\/antiguacoffee.org\/wp-content\/uploads\/2018\/04\/apca-logo-1-color-01-01-1024x791.png 1024w, http:\/\/antiguacoffee.org\/wp-content\/uploads\/2018\/04\/apca-logo-1-color-01-01-600x464.png 600w, http:\/\/antiguacoffee.org\/wp-content\/uploads\/2018\/04\/apca-logo-1-color-01-01.png 1650w\" sizes=\"(max-width: 300px) 100vw, 300px\" \/><\/div><\/div><div class=\"wpb_text_column\"><div class=\"wpb_wrapper\"><div id=\"u10123-8\" class=\"clearfix colelem shared_content\" data-muse-temp-textcontainer-sizepolicy=\"true\" data-muse-temp-textcontainer-pinning=\"true\" data-content-guid=\"u10123-8_content\">\n<h2>PROPIEDAD INTELECTUAL<br \/>\nPROPIEDAD INDUSTRIAL<br \/>\n<span id=\"u10123-5\">INDICACI\u00d3N GEOGR\u00c1FICA<\/span><\/h2>\n<\/div>\n<div id=\"u10074-8\" class=\"clearfix colelem shared_content\" data-sizepolicy=\"fixed\" data-pintopage=\"page_fluidx\" data-content-guid=\"u10074-8_content\">\n<p>\u201cEs un signo utilizado para productos que tienen un origen geogr\u00e1fico concreto y posee cualidades o una reputaci\u00f3n derivadas espec\u00edficamente de su lugar de origen. Por lo general, una indicaci\u00f3n geogr\u00e1fica consiste en el nombre del lugar de origen de los productos.\u201d Organizaci\u00f3n Mundial de Propiedad Industrial<\/p>\n<p>Art\u00edculo 4 Decreto N\u00famero 57-2000<\/p>\n<p>&nbsp;<\/p>\n<h2>CLASES DE INDICACI\u00d3N GEOGR\u00c1FICA<\/h2>\n<\/div>\n<div id=\"u10132-7\" class=\"clearfix colelem shared_content\" data-sizepolicy=\"fixed\" data-pintopage=\"page_fluidx\" data-content-guid=\"u10132-7_content\">\n<p>\u2022 SIMPLES<br \/>\n\u2022 CALIFICADAS<\/p>\n<h2>DENOMINACI\u00d3N DE ORIGEN<\/h2>\n<p>Seg\u00fan el Arreglo de Lisboa se entiende por denominaci\u00f3n de origen \u201cla denominaci\u00f3n geogr\u00e1fica de un pa\u00eds, de una regi\u00f3n o de una localidad que sirva para designar un producto originario del mismo y cuya calidad o caracter\u00edsticas se deben exclusiva o esencialmente al medio geogr\u00e1fico, comprendidos los factores naturales y los factores humanos.\u201d<\/p>\n<\/div>\n<\/div><\/div><div class=\"w-separator size_large\"><\/div><\/div><\/div><div class=\"wpb_column vc_column_container\"><div class=\"vc_column-inner\"><div class=\"w-grid type_grid layout_gallery_default no_gap\" id=\"us_grid_1\" data-filterable=\"true\"><style>.layout_gallery_default .w-grid-item-h{}<\/style><div class=\"w-grid-list\">\t<article class=\"w-grid-item post-6220 attachment type-attachment status-inherit hentry\" data-id=\"6220\">\r\n\t\t<div class=\"w-grid-item-h\">\r\n\t\t\t\t\t\t\t<a class=\"w-grid-item-anchor\" href=\"http:\/\/antiguacoffee.org\/wp-content\/uploads\/2018\/04\/004.jpg\" ref=\"magnificPopupGrid\" title=\"004\"><\/a>\r\n\t\t\t\t\t\t<div class=\"w-post-elm post_image usg_post_image_1 stretched\"><img src=\"http:\/\/antiguacoffee.org\/wp-content\/uploads\/2018\/04\/004.jpg\" class=\"attachment-full size-full\" alt=\"\" loading=\"lazy\" \/><\/div>\t\t<\/div>\r\n\t<\/article>\r\n\t<article class=\"w-grid-item post-6222 attachment type-attachment status-inherit hentry\" data-id=\"6222\">\r\n\t\t<div class=\"w-grid-item-h\">\r\n\t\t\t\t\t\t\t<a class=\"w-grid-item-anchor\" href=\"http:\/\/antiguacoffee.org\/wp-content\/uploads\/2018\/04\/007-1.jpg\" ref=\"magnificPopupGrid\" title=\"007\"><\/a>\r\n\t\t\t\t\t\t<div class=\"w-post-elm post_image usg_post_image_1 stretched\"><img src=\"http:\/\/antiguacoffee.org\/wp-content\/uploads\/2018\/04\/007-1.jpg\" class=\"attachment-full size-full\" alt=\"\" loading=\"lazy\" \/><\/div>\t\t<\/div>\r\n\t<\/article>\r\n\t<article class=\"w-grid-item post-6221 attachment type-attachment status-inherit hentry\" data-id=\"6221\">\r\n\t\t<div class=\"w-grid-item-h\">\r\n\t\t\t\t\t\t\t<a class=\"w-grid-item-anchor\" href=\"http:\/\/antiguacoffee.org\/wp-content\/uploads\/2018\/04\/006.jpg\" ref=\"magnificPopupGrid\" title=\"006\"><\/a>\r\n\t\t\t\t\t\t<div class=\"w-post-elm post_image usg_post_image_1 stretched\"><img src=\"http:\/\/antiguacoffee.org\/wp-content\/uploads\/2018\/04\/006.jpg\" class=\"attachment-full size-full\" alt=\"\" loading=\"lazy\" \/><\/div>\t\t<\/div>\r\n\t<\/article>\r\n\t<article class=\"w-grid-item post-6219 attachment type-attachment status-inherit hentry\" data-id=\"6219\">\r\n\t\t<div class=\"w-grid-item-h\">\r\n\t\t\t\t\t\t\t<a class=\"w-grid-item-anchor\" href=\"http:\/\/antiguacoffee.org\/wp-content\/uploads\/2018\/04\/003.jpg\" ref=\"magnificPopupGrid\" title=\"003\"><\/a>\r\n\t\t\t\t\t\t<div class=\"w-post-elm post_image usg_post_image_1 stretched\"><img src=\"http:\/\/antiguacoffee.org\/wp-content\/uploads\/2018\/04\/003.jpg\" class=\"attachment-full size-full\" alt=\"\" loading=\"lazy\" \/><\/div>\t\t<\/div>\r\n\t<\/article>\r\n\t<article class=\"w-grid-item post-6260 attachment type-attachment status-inherit hentry\" data-id=\"6260\">\r\n\t\t<div class=\"w-grid-item-h\">\r\n\t\t\t\t\t\t\t<a class=\"w-grid-item-anchor\" href=\"http:\/\/antiguacoffee.org\/wp-content\/uploads\/2018\/04\/apca-11.jpg\" ref=\"magnificPopupGrid\" title=\"apca-11\"><\/a>\r\n\t\t\t\t\t\t<div class=\"w-post-elm post_image usg_post_image_1 stretched\"><img src=\"http:\/\/antiguacoffee.org\/wp-content\/uploads\/2018\/04\/apca-11.jpg\" class=\"attachment-full size-full\" alt=\"\" loading=\"lazy\" \/><\/div>\t\t<\/div>\r\n\t<\/article>\r\n<\/div><div class=\"w-grid-preloader\"><div class=\"g-preloader type_1\">\r\n\t<div><\/div>\r\n<\/div>\r\n<\/div>\t<div class=\"w-grid-json hidden\" onclick='return {&quot;action&quot;:&quot;us_ajax_grid&quot;,&quot;ajax_url&quot;:&quot;http:\\\/\\\/antiguacoffee.org\\\/wp-admin\\\/admin-ajax.php&quot;,&quot;infinite_scroll&quot;:0,&quot;max_num_pages&quot;:1,&quot;pagination&quot;:&quot;none&quot;,&quot;permalink_url&quot;:&quot;http:\\\/\\\/antiguacoffee.org\\\/wp-json\\\/wp\\\/v2\\\/pages\\\/6619&quot;,&quot;template_vars&quot;:{&quot;columns&quot;:&quot;1&quot;,&quot;exclude_items&quot;:&quot;none&quot;,&quot;img_size&quot;:&quot;full&quot;,&quot;ignore_items_size&quot;:false,&quot;items_layout&quot;:&quot;gallery_default&quot;,&quot;items_offset&quot;:&quot;1&quot;,&quot;load_animation&quot;:&quot;none&quot;,&quot;overriding_link&quot;:&quot;popup_post_image&quot;,&quot;post_id&quot;:6619,&quot;query_args&quot;:{&quot;post_type&quot;:[&quot;attachment&quot;],&quot;post__in&quot;:[&quot;6220&quot;,&quot;6222&quot;,&quot;6221&quot;,&quot;6219&quot;,&quot;6260&quot;],&quot;post_status&quot;:&quot;inherit&quot;,&quot;post_mime_type&quot;:&quot;image&quot;,&quot;posts_per_page&quot;:999},&quot;orderby_query_args&quot;:{&quot;orderby&quot;:{&quot;post__in&quot;:&quot;ASC&quot;},&quot;order&quot;:&quot;ASC&quot;},&quot;type&quot;:&quot;grid&quot;,&quot;us_grid_ajax_index&quot;:1,&quot;us_grid_filter_params&quot;:null,&quot;us_grid_index&quot;:1,&quot;_us_grid_post_type&quot;:&quot;attachment&quot;}}'><\/div>\r\n\t<\/div><\/div><\/div><\/div><\/div><\/section>\n","protected":false},"excerpt":{"rendered":"","protected":false},"author":2,"featured_media":0,"parent":0,"menu_order":0,"comment_status":"closed","ping_status":"closed","template":"","meta":[],"_links":{"self":[{"href":"http:\/\/antiguacoffee.org\/index.php\/wp-json\/wp\/v2\/pages\/6619"}],"collection":[{"href":"http:\/\/antiguacoffee.org\/index.php\/wp-json\/wp\/v2\/pages"}],"about":[{"href":"http:\/\/antiguacoffee.org\/index.php\/wp-json\/wp\/v2\/types\/page"}],"author":[{"embeddable":true,"href":"http:\/\/antiguacoffee.org\/index.php\/wp-json\/wp\/v2\/users\/2"}],"replies":[{"embeddable":true,"href":"http:\/\/antiguacoffee.org\/index.php\/wp-json\/wp\/v2\/comments?post=6619"}],"version-history":[{"count":9,"href":"http:\/\/antiguacoffee.org\/index.php\/wp-json\/wp\/v2\/pages\/6619\/revisions"}],"predecessor-version":[{"id":6738,"href":"http:\/\/antiguacoffee.org\/index.php\/wp-json\/wp\/v2\/pages\/6619\/revisions\/6738"}],"wp:attachment":[{"href":"http:\/\/antiguacoffee.org\/index.php\/wp-json\/wp\/v2\/media?parent=6619"}],"curies":[{"name":"wp","href":"https:\/\/api.w.org\/{rel}","templated":true}]}}