{"id":6552,"date":"2018-05-09T23:01:40","date_gmt":"2018-05-09T23:01:40","guid":{"rendered":"http:\/\/antiguacoffee.org\/?page_id=6552"},"modified":"2023-12-12T14:26:59","modified_gmt":"2023-12-12T14:26:59","slug":"san-sebastian","status":"publish","type":"page","link":"http:\/\/antiguacoffee.org\/index.php\/asociados\/san-sebastian\/","title":{"rendered":"San Sebastian"},"content":{"rendered":"<section class=\"l-section wpb_row height_small color_primary with_img\"><div class=\"l-section-img\" style=\"background-image: url(http:\/\/antiguacoffee.org\/wp-content\/uploads\/2018\/04\/003.jpg);\" data-img-width=\"2000\" data-img-height=\"1200\"><\/div><div class=\"l-section-overlay\" style=\"background:rgba(68,0,0,0.75)\"><\/div><div class=\"l-section-h i-cf\"><div class=\"g-cols via_grid cols_1 laptops-cols_inherit tablets-cols_inherit mobiles-cols_1 valign_top type_default\"><div class=\"wpb_column vc_column_container\"><div class=\"vc_column-inner\">[vc_custom_heading source=&#8221;post_title&#8221; font_container=&#8221;tag:h2|text_align:center|color:%23ffffff&#8221; use_theme_fonts=&#8221;yes&#8221; css=&#8221;%7B%22default%22%3A%7B%22color%22%3A%22%23ffffff%22%7D%7D&#8221;]<div class=\"w-separator size_medium\"><\/div><\/div><\/div><\/div><\/div><\/section><section class=\"l-section wpb_row height_small\"><div class=\"l-section-h i-cf\"><div class=\"g-cols via_grid cols_1 laptops-cols_inherit tablets-cols_inherit mobiles-cols_1 valign_top type_default\"><div class=\"wpb_column vc_column_container\"><div class=\"vc_column-inner\"><div class=\"g-cols wpb_row via_grid cols_2 laptops-cols_inherit tablets-cols_inherit mobiles-cols_1 valign_middle type_default\"><div class=\"wpb_column vc_column_container\"><div class=\"vc_column-inner\"><div class=\"wpb_text_column\"><div class=\"wpb_wrapper\"><h1>San Sebastian<\/h1>\n<p>HECT\u00c1REAS: 1750<br \/>\nALTURA: Max 2,000 Min 1,500 metros<br \/>\nVARIEDADES: Bourbon, Caturra, Catua\u00ed, Villa Sarchi, Villalobos<br \/>\nUBICACI\u00d3N: San Miguel Due\u00f1as<br \/>\nCONTACTO: Carlos Garcia Paniagua<br \/>\nDIRECCI\u00d3N OFICINAS: 2\u00aa CALLE 7-79 zona 9<br \/>\nEdificio Nova Reformador 3er Nivel Oficina 303<br \/>\nCiudad\u00a0Guatemala<br \/>\nTEL\u00c9FONO: (502) 2410-9848<br \/>\nE-MAIL: <a href=\"mailto:c.garcia@sansebastian.com.gt\">c.garcia@sansebastian.com.gt<\/a><\/p>\n<\/div><\/div><\/div><\/div><div class=\"wpb_column vc_column_container\"><div class=\"vc_column-inner\"><div class=\"w-image align_center\"><div class=\"w-image-h\"><img width=\"2560\" height=\"1599\" src=\"http:\/\/antiguacoffee.org\/wp-content\/uploads\/2021\/09\/SAN-SEBASTIAN-logo-scaled.jpg\" class=\"attachment-full size-full\" alt=\"\" loading=\"lazy\" srcset=\"http:\/\/antiguacoffee.org\/wp-content\/uploads\/2021\/09\/SAN-SEBASTIAN-logo-scaled.jpg 2560w, http:\/\/antiguacoffee.org\/wp-content\/uploads\/2021\/09\/SAN-SEBASTIAN-logo-300x187.jpg 300w, http:\/\/antiguacoffee.org\/wp-content\/uploads\/2021\/09\/SAN-SEBASTIAN-logo-1024x640.jpg 1024w, http:\/\/antiguacoffee.org\/wp-content\/uploads\/2021\/09\/SAN-SEBASTIAN-logo-600x375.jpg 600w, http:\/\/antiguacoffee.org\/wp-content\/uploads\/2021\/09\/SAN-SEBASTIAN-logo-768x480.jpg 768w\" sizes=\"(max-width: 2560px) 100vw, 2560px\" \/><\/div><\/div><\/div><\/div><\/div><div class=\"w-separator size_medium\"><\/div><div class=\"w-tabs layout_hor style_trendy switch_click has_scrolling\" style=\"--sections-title-size:26px\"><div class=\"w-tabs-list items_2 stretch\"><div class=\"w-tabs-list-h\"><a class=\"w-tabs-item active\" aria-controls=\"content-t32b\" href=\"javascript:void(0);\"><span class=\"w-tabs-item-title\">Mapa<\/span><\/a><a class=\"w-tabs-item\" aria-controls=\"content-w2c1\" href=\"javascript:void(0);\"><span class=\"w-tabs-item-title\">Galer\u00eda<\/span><\/a><\/div><\/div><div class=\"w-tabs-sections titles-align_none icon_chevron cpos_right\"><div class=\"w-tabs-section active\" id=\"map\"><button aria-controls=\"content-map\" class=\"w-tabs-section-header active\"><div class=\"w-tabs-section-title\">Mapa<\/div><div class=\"w-tabs-section-control\"><\/div><\/button><div class=\"w-tabs-section-content\" id=\"content-map\" aria-expanded=\"true\"><div class=\"w-tabs-section-content-h i-cf\"><div class=\"w-map provider_google\" id=\"us_map_1\"><div class=\"w-map-json\" onclick='return {&quot;address&quot;:&quot;&quot;,&quot;zoom&quot;:14,&quot;hideControls&quot;:0,&quot;disableZoom&quot;:0,&quot;disableDragging&quot;:0,&quot;markers&quot;:[{&quot;address&quot;:&quot;&quot;,&quot;html&quot;:&quot;&lt;h6&gt;Hey, we are here!&lt;\\\/h6&gt;&lt;p&gt;We will be glad to see you in our office.&lt;\\\/p&gt;&quot;,&quot;infowindow&quot;:false}],&quot;maptype&quot;:&quot;ROADMAP&quot;}'><\/div><\/div><\/div><\/div><\/div><div class=\"w-tabs-section\" id=\"galer\u00eda\"><button aria-controls=\"content-galer\u00eda\" class=\"w-tabs-section-header\"><div class=\"w-tabs-section-title\">Galer\u00eda<\/div><div class=\"w-tabs-section-control\"><\/div><\/button><div class=\"w-tabs-section-content\" id=\"content-galer\u00eda\" aria-expanded=\"false\"><div class=\"w-tabs-section-content-h i-cf\"><div class=\"g-cols wpb_row via_grid cols_1 laptops-cols_inherit tablets-cols_inherit mobiles-cols_1 valign_top type_default\"><div class=\"wpb_column vc_column_container\"><div class=\"vc_column-inner\"><div class=\"w-slider style_none fit_scaledown\"><div class=\"w-slider-h\"><div class=\"royalSlider\"><div class=\"rsContent\"><a class=\"rsImg\" data-rsw=\"600\" data-rsh=\"338\" href=\"http:\/\/antiguacoffee.org\/wp-content\/uploads\/2021\/09\/20201116_113154-600x338.jpg\"><span data-alt=\"\"><\/span><\/a><img width=\"150\" height=\"150\" src=\"http:\/\/antiguacoffee.org\/wp-content\/uploads\/2021\/09\/20201116_113154-150x150.jpg\" class=\"rsTmb\" alt=\"\" loading=\"lazy\" srcset=\"http:\/\/antiguacoffee.org\/wp-content\/uploads\/2021\/09\/20201116_113154-150x150.jpg 150w, http:\/\/antiguacoffee.org\/wp-content\/uploads\/2021\/09\/20201116_113154-350x350.jpg 350w, http:\/\/antiguacoffee.org\/wp-content\/uploads\/2021\/09\/20201116_113154-600x600.jpg 600w\" sizes=\"(max-width: 150px) 100vw, 150px\" \/><\/div><div class=\"rsContent\"><a class=\"rsImg\" data-rsw=\"600\" data-rsh=\"450\" href=\"http:\/\/antiguacoffee.org\/wp-content\/uploads\/2021\/09\/20210318_064528-600x450.jpg\"><span data-alt=\"\"><\/span><\/a><img width=\"150\" height=\"150\" src=\"http:\/\/antiguacoffee.org\/wp-content\/uploads\/2021\/09\/20210318_064528-150x150.jpg\" class=\"rsTmb\" alt=\"\" loading=\"lazy\" srcset=\"http:\/\/antiguacoffee.org\/wp-content\/uploads\/2021\/09\/20210318_064528-150x150.jpg 150w, http:\/\/antiguacoffee.org\/wp-content\/uploads\/2021\/09\/20210318_064528-350x350.jpg 350w, http:\/\/antiguacoffee.org\/wp-content\/uploads\/2021\/09\/20210318_064528-600x600.jpg 600w\" sizes=\"(max-width: 150px) 100vw, 150px\" \/><\/div><div class=\"rsContent\"><a class=\"rsImg\" data-rsw=\"600\" data-rsh=\"450\" href=\"http:\/\/antiguacoffee.org\/wp-content\/uploads\/2021\/09\/CAFE-NATURAL-600x450.jpg\"><span data-alt=\"\"><\/span><\/a><img width=\"150\" height=\"150\" src=\"http:\/\/antiguacoffee.org\/wp-content\/uploads\/2021\/09\/CAFE-NATURAL-150x150.jpg\" class=\"rsTmb\" alt=\"\" loading=\"lazy\" srcset=\"http:\/\/antiguacoffee.org\/wp-content\/uploads\/2021\/09\/CAFE-NATURAL-150x150.jpg 150w, http:\/\/antiguacoffee.org\/wp-content\/uploads\/2021\/09\/CAFE-NATURAL-350x350.jpg 350w, http:\/\/antiguacoffee.org\/wp-content\/uploads\/2021\/09\/CAFE-NATURAL-600x600.jpg 600w\" sizes=\"(max-width: 150px) 100vw, 150px\" \/><\/div><div class=\"rsContent\"><a class=\"rsImg\" data-rsw=\"600\" data-rsh=\"450\" href=\"http:\/\/antiguacoffee.org\/wp-content\/uploads\/2021\/09\/PLANTACION-AGUACATE-600x450.jpg\"><span data-alt=\"\"><\/span><\/a><img width=\"150\" height=\"150\" src=\"http:\/\/antiguacoffee.org\/wp-content\/uploads\/2021\/09\/PLANTACION-AGUACATE-150x150.jpg\" class=\"rsTmb\" alt=\"\" loading=\"lazy\" srcset=\"http:\/\/antiguacoffee.org\/wp-content\/uploads\/2021\/09\/PLANTACION-AGUACATE-150x150.jpg 150w, http:\/\/antiguacoffee.org\/wp-content\/uploads\/2021\/09\/PLANTACION-AGUACATE-350x350.jpg 350w, http:\/\/antiguacoffee.org\/wp-content\/uploads\/2021\/09\/PLANTACION-AGUACATE-600x600.jpg 600w\" sizes=\"(max-width: 150px) 100vw, 150px\" \/><\/div><div class=\"rsContent\"><a class=\"rsImg\" data-rsw=\"600\" data-rsh=\"450\" href=\"http:\/\/antiguacoffee.org\/wp-content\/uploads\/2021\/09\/20210121_072600-600x450.jpg\"><span data-alt=\"\"><\/span><\/a><img width=\"150\" height=\"150\" src=\"http:\/\/antiguacoffee.org\/wp-content\/uploads\/2021\/09\/20210121_072600-150x150.jpg\" class=\"rsTmb\" alt=\"\" loading=\"lazy\" srcset=\"http:\/\/antiguacoffee.org\/wp-content\/uploads\/2021\/09\/20210121_072600-150x150.jpg 150w, http:\/\/antiguacoffee.org\/wp-content\/uploads\/2021\/09\/20210121_072600-350x350.jpg 350w, http:\/\/antiguacoffee.org\/wp-content\/uploads\/2021\/09\/20210121_072600-600x600.jpg 600w\" sizes=\"(max-width: 150px) 100vw, 150px\" \/><\/div><div class=\"rsContent\"><a class=\"rsImg\" data-rsw=\"600\" data-rsh=\"450\" href=\"http:\/\/antiguacoffee.org\/wp-content\/uploads\/2021\/09\/20210204_071835-600x450.jpg\"><span data-alt=\"\"><\/span><\/a><img width=\"150\" height=\"150\" src=\"http:\/\/antiguacoffee.org\/wp-content\/uploads\/2021\/09\/20210204_071835-150x150.jpg\" class=\"rsTmb\" alt=\"\" loading=\"lazy\" srcset=\"http:\/\/antiguacoffee.org\/wp-content\/uploads\/2021\/09\/20210204_071835-150x150.jpg 150w, http:\/\/antiguacoffee.org\/wp-content\/uploads\/2021\/09\/20210204_071835-350x350.jpg 350w, http:\/\/antiguacoffee.org\/wp-content\/uploads\/2021\/09\/20210204_071835-600x600.jpg 600w\" sizes=\"(max-width: 150px) 100vw, 150px\" \/><\/div><div class=\"rsContent\"><a class=\"rsImg\" data-rsw=\"600\" data-rsh=\"600\" href=\"http:\/\/antiguacoffee.org\/wp-content\/uploads\/2021\/09\/Salfar-130_Rojo-600x600.jpg\"><span data-alt=\"\"><\/span><\/a><img width=\"150\" height=\"150\" src=\"http:\/\/antiguacoffee.org\/wp-content\/uploads\/2021\/09\/Salfar-130_Rojo-150x150.jpg\" class=\"rsTmb\" alt=\"\" loading=\"lazy\" srcset=\"http:\/\/antiguacoffee.org\/wp-content\/uploads\/2021\/09\/Salfar-130_Rojo-150x150.jpg 150w, http:\/\/antiguacoffee.org\/wp-content\/uploads\/2021\/09\/Salfar-130_Rojo-300x300.jpg 300w, http:\/\/antiguacoffee.org\/wp-content\/uploads\/2021\/09\/Salfar-130_Rojo-1024x1024.jpg 1024w, http:\/\/antiguacoffee.org\/wp-content\/uploads\/2021\/09\/Salfar-130_Rojo-350x350.jpg 350w, http:\/\/antiguacoffee.org\/wp-content\/uploads\/2021\/09\/Salfar-130_Rojo-600x600.jpg 600w, http:\/\/antiguacoffee.org\/wp-content\/uploads\/2021\/09\/Salfar-130_Rojo-768x768.jpg 768w, http:\/\/antiguacoffee.org\/wp-content\/uploads\/2021\/09\/Salfar-130_Rojo.jpg 1800w\" sizes=\"(max-width: 150px) 100vw, 150px\" \/><\/div><\/div><img src=\"http:\/\/antiguacoffee.org\/wp-content\/uploads\/2021\/09\/20201116_113154-600x338.jpg\" width=\"600\" height=\"338\" alt loading=\"lazy\"><\/div><div class=\"w-slider-json\" onclick='return {&quot;loop&quot;:true,&quot;fadeInLoadedSlide&quot;:false,&quot;slidesSpacing&quot;:0,&quot;imageScalePadding&quot;:0,&quot;numImagesToPreload&quot;:2,&quot;arrowsNav&quot;:true,&quot;arrowsNavAutoHide&quot;:false,&quot;transitionType&quot;:&quot;fade&quot;,&quot;transitionSpeed&quot;:250,&quot;block&quot;:{&quot;moveEffect&quot;:&quot;none&quot;,&quot;speed&quot;:300},&quot;controlNavigation&quot;:&quot;thumbnails&quot;,&quot;imageScaleMode&quot;:&quot;fit-if-smaller&quot;,&quot;autoScaleSlider&quot;:true,&quot;autoScaleSliderWidth&quot;:600,&quot;autoScaleSliderHeight&quot;:338,&quot;fitInViewport&quot;:false}'><\/div><\/div><\/div><\/div><\/div><\/div><\/div><\/div><\/div><\/div><\/div><\/div><\/div><\/div><\/section>\n","protected":false},"excerpt":{"rendered":"[vc_custom_heading source=\"post_title\" font_container=\"tag:h2|text_align:center|color:%23ffffff\" use_theme_fonts=\"yes\"]San Sebastian HECT\u00c1REAS: 1750 ALTURA: Max 2,000 Min 1,500 metros VARIEDADES: Bourbon, Caturra, Catua\u00ed, Villa Sarchi, Villalobos UBICACI\u00d3N: San Miguel Due\u00f1as CONTACTO: Carlos Garcia Paniagua DIRECCI\u00d3N OFICINAS: 2\u00aa CALLE 7-79 zona 9 Edificio Nova Reformador 3er Nivel Oficina 303 Ciudad\u00a0Guatemala TEL\u00c9FONO: (502) 2410-9848 E-MAIL: c.garcia@sansebastian.com.gt MapaGaler\u00edaMapaGaler\u00eda","protected":false},"author":2,"featured_media":0,"parent":1194,"menu_order":0,"comment_status":"closed","ping_status":"closed","template":"","meta":[],"_links":{"self":[{"href":"http:\/\/antiguacoffee.org\/index.php\/wp-json\/wp\/v2\/pages\/6552"}],"collection":[{"href":"http:\/\/antiguacoffee.org\/index.php\/wp-json\/wp\/v2\/pages"}],"about":[{"href":"http:\/\/antiguacoffee.org\/index.php\/wp-json\/wp\/v2\/types\/page"}],"author":[{"embeddable":true,"href":"http:\/\/antiguacoffee.org\/index.php\/wp-json\/wp\/v2\/users\/2"}],"replies":[{"embeddable":true,"href":"http:\/\/antiguacoffee.org\/index.php\/wp-json\/wp\/v2\/comments?post=6552"}],"version-history":[{"count":13,"href":"http:\/\/antiguacoffee.org\/index.php\/wp-json\/wp\/v2\/pages\/6552\/revisions"}],"predecessor-version":[{"id":6858,"href":"http:\/\/antiguacoffee.org\/index.php\/wp-json\/wp\/v2\/pages\/6552\/revisions\/6858"}],"up":[{"embeddable":true,"href":"http:\/\/antiguacoffee.org\/index.php\/wp-json\/wp\/v2\/pages\/1194"}],"wp:attachment":[{"href":"http:\/\/antiguacoffee.org\/index.php\/wp-json\/wp\/v2\/media?parent=6552"}],"curies":[{"name":"wp","href":"https:\/\/api.w.org\/{rel}","templated":true}]}}