{"id":6534,"date":"2018-05-09T22:09:24","date_gmt":"2018-05-09T22:09:24","guid":{"rendered":"http:\/\/antiguacoffee.org\/?page_id=6534"},"modified":"2019-01-09T21:37:52","modified_gmt":"2019-01-09T21:37:52","slug":"santa-clara","status":"publish","type":"page","link":"http:\/\/antiguacoffee.org\/index.php\/asociados\/santa-clara\/","title":{"rendered":"Santa Clara"},"content":{"rendered":"<section class=\"l-section wpb_row height_small color_primary with_img\"><div class=\"l-section-img\" style=\"background-image: url(http:\/\/antiguacoffee.org\/wp-content\/uploads\/2018\/04\/003.jpg);\" data-img-width=\"2000\" data-img-height=\"1200\"><\/div><div class=\"l-section-overlay\" style=\"background:rgba(68,0,0,0.75)\"><\/div><div class=\"l-section-h i-cf\"><div class=\"g-cols via_grid cols_1 laptops-cols_inherit tablets-cols_inherit mobiles-cols_1 valign_top type_default\"><div class=\"wpb_column vc_column_container\"><div class=\"vc_column-inner\">[vc_custom_heading source=&#8221;post_title&#8221; font_container=&#8221;tag:h2|text_align:center|color:%23ffffff&#8221; use_theme_fonts=&#8221;yes&#8221; css=&#8221;%7B%22default%22%3A%7B%22color%22%3A%22%23ffffff%22%7D%7D&#8221;]<div class=\"w-separator size_medium\"><\/div><\/div><\/div><\/div><\/div><\/section><section class=\"l-section wpb_row height_small\"><div class=\"l-section-h i-cf\"><div class=\"g-cols via_grid cols_1 laptops-cols_inherit tablets-cols_inherit mobiles-cols_1 valign_top type_default\"><div class=\"wpb_column vc_column_container\"><div class=\"vc_column-inner\"><div class=\"g-cols wpb_row via_grid cols_2 laptops-cols_inherit tablets-cols_inherit mobiles-cols_1 valign_middle type_default\"><div class=\"wpb_column vc_column_container\"><div class=\"vc_column-inner\"><div class=\"wpb_text_column\"><div class=\"wpb_wrapper\"><h1><span style=\"vertical-align: inherit\"><span style=\"vertical-align: inherit\"><span style=\"vertical-align: inherit\"><span style=\"vertical-align: inherit\">Santa Clara<\/span><\/span><\/span><\/span><\/h1>\n<p><span style=\"vertical-align: inherit\"><span style=\"vertical-align: inherit\"><span style=\"vertical-align: inherit\"><span style=\"vertical-align: inherit\">HECT\u00c1REAS: 110 <\/span><\/span><\/span><\/span><br \/>\n<span style=\"vertical-align: inherit\"><span style=\"vertical-align: inherit\"><span style=\"vertical-align: inherit\"><span style=\"vertical-align: inherit\">ALTURA: M\u00e1x. <\/span><span style=\"vertical-align: inherit\">1,890 M\u00edn. <\/span><span style=\"vertical-align: inherit\">1.150 <\/span><\/span><\/span><\/span><br \/>\n<span style=\"vertical-align: inherit\"><span style=\"vertical-align: inherit\"><span style=\"vertical-align: inherit\"><span style=\"vertical-align: inherit\">VARIDADES:<br \/>\n\u2022 Borbon<br \/>\n\u2022 Borbon 300<br \/>\n\u2022 Venezia<br \/>\n\u2022 Geisha<br \/>\n\u2022 Pacamara<br \/>\n\u2022 Villa Sarchi<br \/>\n\u2022 Caturra<br \/>\n\u2022 Pacas<br \/>\n\u2022 San Francisco<br \/>\n<\/span><\/span><\/span><\/span><span style=\"vertical-align: inherit\"><span style=\"vertical-align: inherit\"><span style=\"vertical-align: inherit\"><span style=\"vertical-align: inherit\">UBICACI\u00d3N: Antigua Guatemala <\/span><\/span><\/span><\/span><br \/>\n<span style=\"vertical-align: inherit\"><span style=\"vertical-align: inherit\"><span style=\"vertical-align: inherit\"><span style=\"vertical-align: inherit\">CONTACTO: Ricardo Zelaya \/ Katia Zelaya <\/span><\/span><\/span><\/span><br \/>\n<span style=\"vertical-align: inherit\"><span style=\"vertical-align: inherit\"><span style=\"vertical-align: inherit\"><span style=\"vertical-align: inherit\">DIRECCI\u00d3N OFICINAS: 12 calle 4 <\/span><\/span><\/span><\/span><span style=\"vertical-align: inherit\"><span style=\"vertical-align: inherit\"><span style=\"vertical-align: inherit\"><span style=\"vertical-align: inherit\">&#8211; <\/span><\/span><\/span><\/span><span style=\"vertical-align: inherit\"><span style=\"vertical-align: inherit\"><span style=\"vertical-align: inherit\"><span style=\"vertical-align: inherit\">37, zona 10 <\/span><\/span><\/span><\/span><br \/>\n<span style=\"vertical-align: inherit\"><span style=\"vertical-align: inherit\"><span style=\"vertical-align: inherit\"><span style=\"vertical-align: inherit\">TEL\u00c9FONO:<\/span><\/span><\/span><\/span><span style=\"vertical-align: inherit\"><span style=\"vertical-align: inherit\"> (502) 5524-4806 \/ (502) 5553-6756<\/span><\/span><br \/>\n<span style=\"vertical-align: inherit\"><span style=\"vertical-align: inherit\"><span style=\"vertical-align: inherit\"><span style=\"vertical-align: inherit\"> CORREO ELECTR\u00d3NICO: <\/span><\/span><a href=\"mailto:ricarzelaya@gmail.com\"><span style=\"vertical-align: inherit\"><span style=\"vertical-align: inherit\">ricarzelaya@gmail.com <\/span><\/span><\/a> <a href=\"mailto:kz@ricardozelaya.coffee\"><span style=\"vertical-align: inherit\"><span style=\"vertical-align: inherit\">kz@ricardozelaya.coffee<\/span><\/span><\/a><br \/>\n<\/span><\/span><span style=\"vertical-align: inherit\"><span style=\"vertical-align: inherit\"> SITIO WEB:<\/span><\/span><a href=\"http:\/\/www.ricardozelayacoffee.com\"><span style=\"vertical-align: inherit\"><span style=\"vertical-align: inherit\"> www.ricardozelayacoffee.com<\/span><\/span><\/a><\/p>\n<p><span style=\"vertical-align: inherit\"><span style=\"vertical-align: inherit\">\u00a0<\/span><\/span><\/p>\n<\/div><\/div><div class=\"w-socials us_custom_a5c88937 color_brand shape_square style_default hover_fade\"><div class=\"w-socials-list\"><div class=\"w-socials-item custom\"><a class=\"w-socials-item-link\" href=\"http:\/\/santaclaracoffeegroup.com\" target=\"_blank\" rel=\"noopener nofollow\" style=\"color:#1abc9c\" title=\"Title\" aria-label=\"Title\"><span class=\"w-socials-item-link-hover\" style=\"background:#1abc9c;\"><\/span><i class=\"fas fa-link\"><\/i><\/a><div class=\"w-socials-item-popup\"><span>Title<\/span><\/div><\/div><\/div><\/div><\/div><\/div><div class=\"wpb_column vc_column_container\"><div class=\"vc_column-inner\"><div class=\"w-image align_center\"><div class=\"w-image-h\"><img width=\"400\" height=\"373\" src=\"http:\/\/antiguacoffee.org\/wp-content\/uploads\/2018\/05\/Santa-Clara-1.jpg\" class=\"attachment-full size-full\" alt=\"\" loading=\"lazy\" srcset=\"http:\/\/antiguacoffee.org\/wp-content\/uploads\/2018\/05\/Santa-Clara-1.jpg 400w, http:\/\/antiguacoffee.org\/wp-content\/uploads\/2018\/05\/Santa-Clara-1-300x280.jpg 300w\" sizes=\"(max-width: 400px) 100vw, 400px\" \/><\/div><\/div><\/div><\/div><\/div><div class=\"w-separator size_medium\"><\/div><div class=\"w-tabs layout_hor style_trendy switch_click has_scrolling\" style=\"--sections-title-size:26px\"><div class=\"w-tabs-list items_2 stretch\"><div class=\"w-tabs-list-h\"><a class=\"w-tabs-item active\" aria-controls=\"content-v8ad\" href=\"javascript:void(0);\"><span class=\"w-tabs-item-title\">Mapa<\/span><\/a><a class=\"w-tabs-item\" aria-controls=\"content-q56c\" href=\"javascript:void(0);\"><span class=\"w-tabs-item-title\">Galer\u00eda<\/span><\/a><\/div><\/div><div class=\"w-tabs-sections titles-align_none icon_chevron cpos_right\"><div class=\"w-tabs-section active\" id=\"map\"><button aria-controls=\"content-map\" class=\"w-tabs-section-header active\"><div class=\"w-tabs-section-title\">Mapa<\/div><div class=\"w-tabs-section-control\"><\/div><\/button><div class=\"w-tabs-section-content\" id=\"content-map\" aria-expanded=\"true\"><div class=\"w-tabs-section-content-h i-cf\"><div class=\"w-map provider_google\" id=\"us_map_1\"><div class=\"w-map-json\" onclick='return {&quot;address&quot;:&quot;14.6052020 -90.6657373&quot;,&quot;zoom&quot;:14,&quot;hideControls&quot;:0,&quot;disableZoom&quot;:0,&quot;disableDragging&quot;:0,&quot;markers&quot;:[{&quot;address&quot;:&quot;14.6052020 -90.6657373&quot;,&quot;html&quot;:&quot;&lt;h6&gt;Hey, we are here!&lt;\\\/h6&gt;&lt;p&gt;We will be glad to see you in our office.&lt;\\\/p&gt;&quot;,&quot;infowindow&quot;:false}],&quot;maptype&quot;:&quot;ROADMAP&quot;}'><\/div><\/div><\/div><\/div><\/div><div class=\"w-tabs-section\" id=\"galer\u00eda\"><button aria-controls=\"content-galer\u00eda\" class=\"w-tabs-section-header\"><div class=\"w-tabs-section-title\">Galer\u00eda<\/div><div class=\"w-tabs-section-control\"><\/div><\/button><div class=\"w-tabs-section-content\" id=\"content-galer\u00eda\" aria-expanded=\"false\"><div class=\"w-tabs-section-content-h i-cf\"><div class=\"g-cols wpb_row via_grid cols_1 laptops-cols_inherit tablets-cols_inherit mobiles-cols_1 valign_top type_default\"><div class=\"wpb_column vc_column_container\"><div class=\"vc_column-inner\"><div class=\"w-slider style_none fit_scaledown\"><div class=\"w-slider-h\"><div class=\"royalSlider\"><div class=\"rsContent\"><a class=\"rsImg\" data-rsw=\"600\" data-rsh=\"360\" href=\"http:\/\/antiguacoffee.org\/wp-content\/uploads\/2018\/04\/007-1-600x360.jpg\"><span data-alt=\"\"><\/span><\/a><img width=\"150\" height=\"150\" src=\"http:\/\/antiguacoffee.org\/wp-content\/uploads\/2018\/04\/007-1-150x150.jpg\" class=\"rsTmb\" alt=\"\" loading=\"lazy\" srcset=\"http:\/\/antiguacoffee.org\/wp-content\/uploads\/2018\/04\/007-1-150x150.jpg 150w, http:\/\/antiguacoffee.org\/wp-content\/uploads\/2018\/04\/007-1-350x350.jpg 350w, http:\/\/antiguacoffee.org\/wp-content\/uploads\/2018\/04\/007-1-600x600.jpg 600w\" sizes=\"(max-width: 150px) 100vw, 150px\" \/><\/div><div class=\"rsContent\"><a class=\"rsImg\" data-rsw=\"600\" data-rsh=\"401\" href=\"http:\/\/antiguacoffee.org\/wp-content\/uploads\/2018\/04\/apca-58-600x401.jpg\"><span data-alt=\"\"><\/span><\/a><img width=\"150\" height=\"150\" src=\"http:\/\/antiguacoffee.org\/wp-content\/uploads\/2018\/04\/apca-58-150x150.jpg\" class=\"rsTmb\" alt=\"\" loading=\"lazy\" srcset=\"http:\/\/antiguacoffee.org\/wp-content\/uploads\/2018\/04\/apca-58-150x150.jpg 150w, http:\/\/antiguacoffee.org\/wp-content\/uploads\/2018\/04\/apca-58-350x350.jpg 350w, http:\/\/antiguacoffee.org\/wp-content\/uploads\/2018\/04\/apca-58-600x600.jpg 600w\" sizes=\"(max-width: 150px) 100vw, 150px\" \/><\/div><div class=\"rsContent\"><a class=\"rsImg\" data-rsw=\"600\" data-rsh=\"401\" href=\"http:\/\/antiguacoffee.org\/wp-content\/uploads\/2018\/04\/apca-14-600x401.jpg\"><span data-alt=\"\"><\/span><\/a><img width=\"150\" height=\"150\" src=\"http:\/\/antiguacoffee.org\/wp-content\/uploads\/2018\/04\/apca-14-150x150.jpg\" class=\"rsTmb\" alt=\"\" loading=\"lazy\" srcset=\"http:\/\/antiguacoffee.org\/wp-content\/uploads\/2018\/04\/apca-14-150x150.jpg 150w, http:\/\/antiguacoffee.org\/wp-content\/uploads\/2018\/04\/apca-14-350x350.jpg 350w, http:\/\/antiguacoffee.org\/wp-content\/uploads\/2018\/04\/apca-14-600x600.jpg 600w\" sizes=\"(max-width: 150px) 100vw, 150px\" \/><\/div><div class=\"rsContent\"><a class=\"rsImg\" data-rsw=\"600\" data-rsh=\"899\" href=\"http:\/\/antiguacoffee.org\/wp-content\/uploads\/2018\/04\/apca-75-600x899.jpg\"><span data-alt=\"\"><\/span><\/a><img width=\"150\" height=\"150\" src=\"http:\/\/antiguacoffee.org\/wp-content\/uploads\/2018\/04\/apca-75-150x150.jpg\" class=\"rsTmb\" alt=\"\" loading=\"lazy\" srcset=\"http:\/\/antiguacoffee.org\/wp-content\/uploads\/2018\/04\/apca-75-150x150.jpg 150w, http:\/\/antiguacoffee.org\/wp-content\/uploads\/2018\/04\/apca-75-350x350.jpg 350w, http:\/\/antiguacoffee.org\/wp-content\/uploads\/2018\/04\/apca-75-600x600.jpg 600w\" sizes=\"(max-width: 150px) 100vw, 150px\" \/><\/div><div class=\"rsContent\"><a class=\"rsImg\" data-rsw=\"600\" data-rsh=\"401\" href=\"http:\/\/antiguacoffee.org\/wp-content\/uploads\/2018\/05\/APCA-50-600x401.jpg\"><span data-alt=\"\"><\/span><\/a><img width=\"150\" height=\"150\" src=\"http:\/\/antiguacoffee.org\/wp-content\/uploads\/2018\/05\/APCA-50-150x150.jpg\" class=\"rsTmb\" alt=\"\" loading=\"lazy\" srcset=\"http:\/\/antiguacoffee.org\/wp-content\/uploads\/2018\/05\/APCA-50-150x150.jpg 150w, http:\/\/antiguacoffee.org\/wp-content\/uploads\/2018\/05\/APCA-50-350x350.jpg 350w\" sizes=\"(max-width: 150px) 100vw, 150px\" \/><\/div><\/div><img src=\"http:\/\/antiguacoffee.org\/wp-content\/uploads\/2018\/04\/007-1-600x360.jpg\" width=\"600\" height=\"360\" alt loading=\"lazy\"><\/div><div class=\"w-slider-json\" onclick='return {&quot;loop&quot;:true,&quot;fadeInLoadedSlide&quot;:false,&quot;slidesSpacing&quot;:0,&quot;imageScalePadding&quot;:0,&quot;numImagesToPreload&quot;:2,&quot;arrowsNav&quot;:true,&quot;arrowsNavAutoHide&quot;:false,&quot;transitionType&quot;:&quot;fade&quot;,&quot;transitionSpeed&quot;:250,&quot;block&quot;:{&quot;moveEffect&quot;:&quot;none&quot;,&quot;speed&quot;:300},&quot;controlNavigation&quot;:&quot;thumbnails&quot;,&quot;imageScaleMode&quot;:&quot;fit-if-smaller&quot;,&quot;autoScaleSlider&quot;:true,&quot;autoScaleSliderWidth&quot;:600,&quot;autoScaleSliderHeight&quot;:360,&quot;fitInViewport&quot;:false}'><\/div><\/div><\/div><\/div><\/div><\/div><\/div><\/div><\/div><\/div><\/div><\/div><\/div><\/div><\/section>\n","protected":false},"excerpt":{"rendered":"[vc_custom_heading source=\"post_title\" font_container=\"tag:h2|text_align:center|color:%23ffffff\" use_theme_fonts=\"yes\"]Santa Clara HECT\u00c1REAS: 110 ALTURA: M\u00e1x. 1,890 M\u00edn. 1.150 VARIDADES: \u2022 Borbon \u2022 Borbon 300 \u2022 Venezia \u2022 Geisha \u2022 Pacamara \u2022 Villa Sarchi \u2022 Caturra \u2022 Pacas \u2022 San Francisco UBICACI\u00d3N: Antigua Guatemala CONTACTO: Ricardo Zelaya \/ Katia Zelaya DIRECCI\u00d3N OFICINAS: 12 calle 4 &#8211; 37, zona 10 TEL\u00c9FONO: (502) 5524-4806...","protected":false},"author":2,"featured_media":0,"parent":1194,"menu_order":0,"comment_status":"closed","ping_status":"closed","template":"","meta":[],"_links":{"self":[{"href":"http:\/\/antiguacoffee.org\/index.php\/wp-json\/wp\/v2\/pages\/6534"}],"collection":[{"href":"http:\/\/antiguacoffee.org\/index.php\/wp-json\/wp\/v2\/pages"}],"about":[{"href":"http:\/\/antiguacoffee.org\/index.php\/wp-json\/wp\/v2\/types\/page"}],"author":[{"embeddable":true,"href":"http:\/\/antiguacoffee.org\/index.php\/wp-json\/wp\/v2\/users\/2"}],"replies":[{"embeddable":true,"href":"http:\/\/antiguacoffee.org\/index.php\/wp-json\/wp\/v2\/comments?post=6534"}],"version-history":[{"count":13,"href":"http:\/\/antiguacoffee.org\/index.php\/wp-json\/wp\/v2\/pages\/6534\/revisions"}],"predecessor-version":[{"id":6748,"href":"http:\/\/antiguacoffee.org\/index.php\/wp-json\/wp\/v2\/pages\/6534\/revisions\/6748"}],"up":[{"embeddable":true,"href":"http:\/\/antiguacoffee.org\/index.php\/wp-json\/wp\/v2\/pages\/1194"}],"wp:attachment":[{"href":"http:\/\/antiguacoffee.org\/index.php\/wp-json\/wp\/v2\/media?parent=6534"}],"curies":[{"name":"wp","href":"https:\/\/api.w.org\/{rel}","templated":true}]}}