{"id":6517,"date":"2018-05-09T21:41:47","date_gmt":"2018-05-09T21:41:47","guid":{"rendered":"http:\/\/antiguacoffee.org\/?page_id=6517"},"modified":"2019-01-09T21:37:52","modified_gmt":"2019-01-09T21:37:52","slug":"retana","status":"publish","type":"page","link":"http:\/\/antiguacoffee.org\/index.php\/asociados\/retana\/","title":{"rendered":"Retana y Anexos"},"content":{"rendered":"<section class=\"l-section wpb_row height_small color_primary with_img\"><div class=\"l-section-img\" style=\"background-image: url(http:\/\/antiguacoffee.org\/wp-content\/uploads\/2018\/04\/003.jpg);\" data-img-width=\"2000\" data-img-height=\"1200\"><\/div><div class=\"l-section-overlay\" style=\"background:rgba(68,0,0,0.75)\"><\/div><div class=\"l-section-h i-cf\"><div class=\"g-cols via_grid cols_1 laptops-cols_inherit tablets-cols_inherit mobiles-cols_1 valign_top type_default\"><div class=\"wpb_column vc_column_container\"><div class=\"vc_column-inner\">[vc_custom_heading source=&#8221;post_title&#8221; font_container=&#8221;tag:h2|text_align:center|color:%23ffffff&#8221; use_theme_fonts=&#8221;yes&#8221; css=&#8221;%7B%22default%22%3A%7B%22color%22%3A%22%23ffffff%22%7D%7D&#8221;]<div class=\"w-separator size_medium\"><\/div><\/div><\/div><\/div><\/div><\/section><section class=\"l-section wpb_row height_small\"><div class=\"l-section-h i-cf\"><div class=\"g-cols via_grid cols_1 laptops-cols_inherit tablets-cols_inherit mobiles-cols_1 valign_top type_default\"><div class=\"wpb_column vc_column_container\"><div class=\"vc_column-inner\"><div class=\"g-cols wpb_row via_grid cols_2 laptops-cols_inherit tablets-cols_inherit mobiles-cols_1 valign_middle type_default\"><div class=\"wpb_column vc_column_container\"><div class=\"vc_column-inner\"><div class=\"wpb_text_column\"><div class=\"wpb_wrapper\"><h1>Retana y Anexos<\/h1>\n<p>ALTURA: 1,540 &#8211; 1,540<br \/>\nVARIDADES:\u00a0Bourbon Caturra<br \/>\nUBICACI\u00d3N:\u00a0Antigua Guatemala<br \/>\nCONTACTO:\u00a0Fernando Cofi\u00f1o<br \/>\nDIRECCI\u00d3N OFICINAS:\u00a0Av. Reforma 9-00 Edificio Plaza Panamericana, 3er nivel zona 9<br \/>\nTEL\u00c9FONO:\u00a02332-4456 \/ 7832-9189<br \/>\nE-MAIL: <a href=\"mailto:fincaretana@gmail.com\">fincaretana@gmail.com<\/a> \/\u00a0 <a href=\"mailto:fcofino@tecniseguros.com\">fcofino@tecniseguros.com<\/a><\/p>\n<\/div><\/div><\/div><\/div><div class=\"wpb_column vc_column_container\"><div class=\"vc_column-inner\"><div class=\"w-image align_center\"><div class=\"w-image-h\"><img width=\"234\" height=\"251\" src=\"http:\/\/antiguacoffee.org\/wp-content\/uploads\/2018\/05\/Fincas-27.png\" class=\"attachment-full size-full\" alt=\"\" loading=\"lazy\" \/><\/div><\/div><\/div><\/div><\/div><div class=\"w-separator size_medium\"><\/div><div class=\"w-tabs layout_hor style_trendy switch_click has_scrolling\" style=\"--sections-title-size:26px\"><div class=\"w-tabs-list items_3 stretch\"><div class=\"w-tabs-list-h\"><a class=\"w-tabs-item active\" aria-controls=\"content-o3a7\" href=\"javascript:void(0);\"><span class=\"w-tabs-item-title\">Mapa<\/span><\/a><a class=\"w-tabs-item\" aria-controls=\"content-i26b\" href=\"javascript:void(0);\"><span class=\"w-tabs-item-title\">Galer\u00eda<\/span><\/a><a class=\"w-tabs-item\" aria-controls=\"content-g420\" href=\"javascript:void(0);\"><span class=\"w-tabs-item-title\">Historia<\/span><\/a><\/div><\/div><div class=\"w-tabs-sections titles-align_none icon_chevron cpos_right\"><div class=\"w-tabs-section active\" id=\"map\"><button aria-controls=\"content-map\" class=\"w-tabs-section-header active\"><div class=\"w-tabs-section-title\">Mapa<\/div><div class=\"w-tabs-section-control\"><\/div><\/button><div class=\"w-tabs-section-content\" id=\"content-map\" aria-expanded=\"true\"><div class=\"w-tabs-section-content-h i-cf\"><div class=\"w-map provider_google\" id=\"us_map_1\"><div class=\"w-map-json\" onclick='return {&quot;address&quot;:&quot;&quot;,&quot;zoom&quot;:14,&quot;hideControls&quot;:0,&quot;disableZoom&quot;:0,&quot;disableDragging&quot;:0,&quot;markers&quot;:[{&quot;address&quot;:&quot;&quot;,&quot;html&quot;:&quot;&lt;h6&gt;Hey, we are here!&lt;\\\/h6&gt;&lt;p&gt;We will be glad to see you in our office.&lt;\\\/p&gt;&quot;,&quot;infowindow&quot;:false}],&quot;maptype&quot;:&quot;ROADMAP&quot;}'><\/div><\/div><\/div><\/div><\/div><div class=\"w-tabs-section\" id=\"galer\u00eda\"><button aria-controls=\"content-galer\u00eda\" class=\"w-tabs-section-header\"><div class=\"w-tabs-section-title\">Galer\u00eda<\/div><div class=\"w-tabs-section-control\"><\/div><\/button><div class=\"w-tabs-section-content\" id=\"content-galer\u00eda\" aria-expanded=\"false\"><div class=\"w-tabs-section-content-h i-cf\"><div class=\"g-cols wpb_row via_grid cols_1 laptops-cols_inherit tablets-cols_inherit mobiles-cols_1 valign_top type_default\"><div class=\"wpb_column vc_column_container\"><div class=\"vc_column-inner\"><div class=\"w-slider style_none fit_scaledown\"><div class=\"w-slider-h\"><div class=\"royalSlider\"><div class=\"rsContent\"><a class=\"rsImg\" data-rsw=\"600\" data-rsh=\"450\" href=\"http:\/\/antiguacoffee.org\/wp-content\/uploads\/2018\/05\/ALMACIGO-TUBETE-2012-600x450.jpg\"><span data-alt=\"\"><\/span><\/a><img width=\"150\" height=\"150\" src=\"http:\/\/antiguacoffee.org\/wp-content\/uploads\/2018\/05\/ALMACIGO-TUBETE-2012-150x150.jpg\" class=\"rsTmb\" alt=\"\" loading=\"lazy\" srcset=\"http:\/\/antiguacoffee.org\/wp-content\/uploads\/2018\/05\/ALMACIGO-TUBETE-2012-150x150.jpg 150w, http:\/\/antiguacoffee.org\/wp-content\/uploads\/2018\/05\/ALMACIGO-TUBETE-2012-350x350.jpg 350w, http:\/\/antiguacoffee.org\/wp-content\/uploads\/2018\/05\/ALMACIGO-TUBETE-2012-600x600.jpg 600w\" sizes=\"(max-width: 150px) 100vw, 150px\" \/><\/div><div class=\"rsContent\"><a class=\"rsImg\" data-rsw=\"360\" data-rsh=\"480\" href=\"http:\/\/antiguacoffee.org\/wp-content\/uploads\/2018\/05\/BOURBON-AMARILLO5069.jpg\"><span data-alt=\"\"><\/span><\/a><img width=\"150\" height=\"150\" src=\"http:\/\/antiguacoffee.org\/wp-content\/uploads\/2018\/05\/BOURBON-AMARILLO5069-150x150.jpg\" class=\"rsTmb\" alt=\"\" loading=\"lazy\" srcset=\"http:\/\/antiguacoffee.org\/wp-content\/uploads\/2018\/05\/BOURBON-AMARILLO5069-150x150.jpg 150w, http:\/\/antiguacoffee.org\/wp-content\/uploads\/2018\/05\/BOURBON-AMARILLO5069-350x350.jpg 350w\" sizes=\"(max-width: 150px) 100vw, 150px\" \/><\/div><div class=\"rsContent\"><a class=\"rsImg\" data-rsw=\"600\" data-rsh=\"450\" href=\"http:\/\/antiguacoffee.org\/wp-content\/uploads\/2018\/05\/CAFETAL-CATURRA-2012-600x450.jpg\"><span data-alt=\"\"><\/span><\/a><img width=\"150\" height=\"150\" src=\"http:\/\/antiguacoffee.org\/wp-content\/uploads\/2018\/05\/CAFETAL-CATURRA-2012-150x150.jpg\" class=\"rsTmb\" alt=\"\" loading=\"lazy\" srcset=\"http:\/\/antiguacoffee.org\/wp-content\/uploads\/2018\/05\/CAFETAL-CATURRA-2012-150x150.jpg 150w, http:\/\/antiguacoffee.org\/wp-content\/uploads\/2018\/05\/CAFETAL-CATURRA-2012-350x350.jpg 350w, http:\/\/antiguacoffee.org\/wp-content\/uploads\/2018\/05\/CAFETAL-CATURRA-2012-600x600.jpg 600w\" sizes=\"(max-width: 150px) 100vw, 150px\" \/><\/div><div class=\"rsContent\"><a class=\"rsImg\" data-rsw=\"600\" data-rsh=\"450\" href=\"http:\/\/antiguacoffee.org\/wp-content\/uploads\/2018\/05\/CAFETAL-RETANA04087-600x450.jpg\"><span data-alt=\"\"><\/span><\/a><img width=\"150\" height=\"150\" src=\"http:\/\/antiguacoffee.org\/wp-content\/uploads\/2018\/05\/CAFETAL-RETANA04087-150x150.jpg\" class=\"rsTmb\" alt=\"\" loading=\"lazy\" srcset=\"http:\/\/antiguacoffee.org\/wp-content\/uploads\/2018\/05\/CAFETAL-RETANA04087-150x150.jpg 150w, http:\/\/antiguacoffee.org\/wp-content\/uploads\/2018\/05\/CAFETAL-RETANA04087-350x350.jpg 350w, http:\/\/antiguacoffee.org\/wp-content\/uploads\/2018\/05\/CAFETAL-RETANA04087-600x600.jpg 600w\" sizes=\"(max-width: 150px) 100vw, 150px\" \/><\/div><div class=\"rsContent\"><a class=\"rsImg\" data-rsw=\"600\" data-rsh=\"450\" href=\"http:\/\/antiguacoffee.org\/wp-content\/uploads\/2018\/05\/CANASTO-CON-AMARILLO00263-600x450.jpg\"><span data-alt=\"\"><\/span><\/a><img width=\"150\" height=\"150\" src=\"http:\/\/antiguacoffee.org\/wp-content\/uploads\/2018\/05\/CANASTO-CON-AMARILLO00263-150x150.jpg\" class=\"rsTmb\" alt=\"\" loading=\"lazy\" srcset=\"http:\/\/antiguacoffee.org\/wp-content\/uploads\/2018\/05\/CANASTO-CON-AMARILLO00263-150x150.jpg 150w, http:\/\/antiguacoffee.org\/wp-content\/uploads\/2018\/05\/CANASTO-CON-AMARILLO00263-350x350.jpg 350w, http:\/\/antiguacoffee.org\/wp-content\/uploads\/2018\/05\/CANASTO-CON-AMARILLO00263-600x600.jpg 600w\" sizes=\"(max-width: 150px) 100vw, 150px\" \/><\/div><div class=\"rsContent\"><a class=\"rsImg\" data-rsw=\"600\" data-rsh=\"450\" href=\"http:\/\/antiguacoffee.org\/wp-content\/uploads\/2018\/05\/FLOR-CAFETAL01207-600x450.jpg\"><span data-alt=\"\"><\/span><\/a><img width=\"150\" height=\"150\" src=\"http:\/\/antiguacoffee.org\/wp-content\/uploads\/2018\/05\/FLOR-CAFETAL01207-150x150.jpg\" class=\"rsTmb\" alt=\"\" loading=\"lazy\" srcset=\"http:\/\/antiguacoffee.org\/wp-content\/uploads\/2018\/05\/FLOR-CAFETAL01207-150x150.jpg 150w, http:\/\/antiguacoffee.org\/wp-content\/uploads\/2018\/05\/FLOR-CAFETAL01207-350x350.jpg 350w\" sizes=\"(max-width: 150px) 100vw, 150px\" \/><\/div><div class=\"rsContent\"><a class=\"rsImg\" data-rsw=\"600\" data-rsh=\"450\" href=\"http:\/\/antiguacoffee.org\/wp-content\/uploads\/2018\/05\/PATIOS-RETANA-014S-600x450.jpg\"><span data-alt=\"\"><\/span><\/a><img width=\"150\" height=\"150\" src=\"http:\/\/antiguacoffee.org\/wp-content\/uploads\/2018\/05\/PATIOS-RETANA-014S-150x150.jpg\" class=\"rsTmb\" alt=\"\" loading=\"lazy\" srcset=\"http:\/\/antiguacoffee.org\/wp-content\/uploads\/2018\/05\/PATIOS-RETANA-014S-150x150.jpg 150w, http:\/\/antiguacoffee.org\/wp-content\/uploads\/2018\/05\/PATIOS-RETANA-014S-350x350.jpg 350w\" sizes=\"(max-width: 150px) 100vw, 150px\" \/><\/div><div class=\"rsContent\"><a class=\"rsImg\" data-rsw=\"600\" data-rsh=\"450\" href=\"http:\/\/antiguacoffee.org\/wp-content\/uploads\/2018\/05\/PATIOS-RETANA-018S-600x450.jpg\"><span data-alt=\"\"><\/span><\/a><img width=\"150\" height=\"150\" src=\"http:\/\/antiguacoffee.org\/wp-content\/uploads\/2018\/05\/PATIOS-RETANA-018S-150x150.jpg\" class=\"rsTmb\" alt=\"\" loading=\"lazy\" srcset=\"http:\/\/antiguacoffee.org\/wp-content\/uploads\/2018\/05\/PATIOS-RETANA-018S-150x150.jpg 150w, http:\/\/antiguacoffee.org\/wp-content\/uploads\/2018\/05\/PATIOS-RETANA-018S-350x350.jpg 350w\" sizes=\"(max-width: 150px) 100vw, 150px\" \/><\/div><\/div><img src=\"http:\/\/antiguacoffee.org\/wp-content\/uploads\/2018\/05\/ALMACIGO-TUBETE-2012-600x450.jpg\" width=\"600\" height=\"450\" alt loading=\"lazy\"><\/div><div class=\"w-slider-json\" onclick='return {&quot;loop&quot;:true,&quot;fadeInLoadedSlide&quot;:false,&quot;slidesSpacing&quot;:0,&quot;imageScalePadding&quot;:0,&quot;numImagesToPreload&quot;:2,&quot;arrowsNav&quot;:true,&quot;arrowsNavAutoHide&quot;:false,&quot;transitionType&quot;:&quot;fade&quot;,&quot;transitionSpeed&quot;:250,&quot;block&quot;:{&quot;moveEffect&quot;:&quot;none&quot;,&quot;speed&quot;:300},&quot;controlNavigation&quot;:&quot;thumbnails&quot;,&quot;imageScaleMode&quot;:&quot;fit-if-smaller&quot;,&quot;autoScaleSlider&quot;:true,&quot;autoScaleSliderWidth&quot;:600,&quot;autoScaleSliderHeight&quot;:450,&quot;fitInViewport&quot;:false}'><\/div><\/div><\/div><\/div><\/div><\/div><\/div><\/div><div class=\"w-tabs-section\" id=\"1525901862337-7fd5132d-067c\"><button aria-controls=\"content-1525901862337-7fd5132d-067c\" class=\"w-tabs-section-header\"><div class=\"w-tabs-section-title\">Historia<\/div><div class=\"w-tabs-section-control\"><\/div><\/button><div class=\"w-tabs-section-content\" id=\"content-1525901862337-7fd5132d-067c\" aria-expanded=\"false\"><div class=\"w-tabs-section-content-h i-cf\"><div class=\"wpb_text_column\"><div class=\"wpb_wrapper\"><div id=\"pu6108\" class=\"clearfix grpelem\">\n<div id=\"u10729-31\" class=\"clearfix colelem shared_content\" data-muse-temp-textcontainer-sizepolicy=\"true\" data-muse-temp-textcontainer-pinning=\"true\" data-content-guid=\"u10729-31_content\">\n<p>Finca Retana y Anexos, se encuentra ubicada en la Ciudad de Antigua, Guatemala,\u00a0 en el Valle de Panchoy, departamento de Sacatep\u00e9quez, a una distancia de 500 metros (1\/4 milla)\u00a0 del parque central.\u00a0 En el costado oeste de la Ciudad,\u00a0 a una altura de 1,550 SNM\u00a0 (5,050 \u2018pies sobre el nivel de mar) y es accesible por la carretera Interamericana o por la carretera nacional RN-14 que tambi\u00e9n comunica el altiplano con la costa del oc\u00e9ano pacifico.<\/p>\n<p>Esta dividida por el R\u00edo Guacalate y el clima promedio de la Finca oscila entre los 3 grados C\u00a0 (32 Fahrenheit) en la parte m\u00e1s fr\u00eda del invierno hasta 28\u00a0 grados C ( 83 Fahrenheit)\u00a0 en los d\u00edas m\u00e1s calurosos del\u00a0 verano. Sin embargo, la temperatura en algunas ocasiones puede llegar a bajar hasta 0 grados cent\u00edgrados (32 Fahrenheit).\u00a0\u00a0 Los suelos de que se encuentra compuesta la Finca son de origen volc\u00e1nico del tipo\u00a0 francos arenosos, el r\u00e9gimen de lluvias inicia durante el mes de mayo y finaliza durante el mes de septiembre y la precipitaci\u00f3n promedio anual es de\u00a0 aproximadamente 90 mm\u00a0 ( 32\u201d pulgadas).<\/p>\n<p>La Finca fue comprada a la empresa GRACE Y COMPA\u00d1\u00cdA, CENTRAL AM\u00c9RICA el 13 de junio de 1932 y ha sido\u00a0 propiedad de la familia\u00a0 desde esa \u00e9poca.\u00a0 Anteriormente la Finca fue de las familias Aguirre\u00a0 y\u00a0 Pa\u00fal. Cuenta la historia que originalmente fue propiedad de una orden de frailes\u00a0\u00a0 cuyo principal\u00a0 representante era el Padre Retana y as\u00ed es como se origina su nombre.<\/p>\n<p>Originalmente la Finca se encontraba sembrada con ca\u00f1a para producci\u00f3n de\u00a0 rapadura, ganado de leche y cochinilla.\u00a0\u00a0\u00a0 Posteriormente y ya bajo\u00a0 la administraci\u00f3n de la Familia Cofi\u00f1o y junto con la Universidad de Iowa State College con el Dr. Melhus y el Sr. William Popenoe, se inicio por primera vez la siembra experimental de ma\u00edz h\u00edbrido. Tambi\u00e9n se hicieron trabajos de investigaci\u00f3n de producci\u00f3n de aguacate y macadamia y finalmente se termino de sembrar toda la finca con caf\u00e9.<\/p>\n<p>Actualmente se encuentran sembradas aproximadamente 125 hect\u00e1reas\u00a0 (180 manzanas) de caf\u00e9 de las variedades principalmente de Ar\u00e1bigo, Borb\u00f3n Amarillo\u00a0 y Caturra.\u00a0 La producci\u00f3n anual promedio es de aproximadamente 3,300 quintales de caf\u00e9 pergamino.<\/p>\n<p>La Finca tiene construida\u00a0\u00a0 una rancher\u00eda para sus\u00a0 colonos y la\u00a0 habitan aproximadamente\u00a0 20 familias.\u00a0 Se cubren los gastos de educaci\u00f3n de varios ni\u00f1os en la escuela nacional ubicada en la entrada de la propiedad en la aldea San Bartolo. Se cuenta con electricidad y agua potable y cada empleado permanente tiene para su siembra y explotaci\u00f3n\u00a0 un \u00e1rea de 9\u00a0 cuerdas, equivalentes\u00a0 a\u00a0 1.5 manzanas (1.4 hect\u00e1reas).<\/p>\n<p>La Finca cuenta con un \u00e1rea de bosque natural y se ha reforestado con variedades de cipr\u00e9s y pino oriundas de la regi\u00f3n.\u00a0 El \u00e1rea total reforestada sobre pasa de las 45 hect\u00e1reas ( 65 manzanas).<\/p>\n<p>Tambi\u00e9n se cuenta con una peque\u00f1a producci\u00f3n de c\u00edtricos, principalmente naranja de la variedad Washington\u00a0 (Naval Orange), lim\u00f3n persa y macadamia.<\/p>\n<p>A principios del a\u00f1o 2001 se constituye la Asociaci\u00f3n de Productores de Caf\u00e9 Genuino de Antigua de la cual formamos parte y actualmente nos encontramos ya en proceso de certificaci\u00f3n de nuestros caf\u00e9s como genuinos de origen de antigua.<\/p>\n<\/div>\n<\/div>\n<\/div><\/div><\/div><\/div><\/div><\/div><\/div><\/div><\/div><\/div><\/div><\/section>\n","protected":false},"excerpt":{"rendered":"[vc_custom_heading source=\"post_title\" font_container=\"tag:h2|text_align:center|color:%23ffffff\" use_theme_fonts=\"yes\"]Retana y Anexos ALTURA: 1,540 &#8211; 1,540 VARIDADES:\u00a0Bourbon Caturra UBICACI\u00d3N:\u00a0Antigua Guatemala CONTACTO:\u00a0Fernando Cofi\u00f1o DIRECCI\u00d3N OFICINAS:\u00a0Av. Reforma 9-00 Edificio Plaza Panamericana, 3er nivel zona 9 TEL\u00c9FONO:\u00a02332-4456 \/ 7832-9189 E-MAIL: fincaretana@gmail.com \/\u00a0 fcofino@tecniseguros.com MapaGaler\u00edaHistoriaMapaGaler\u00edaHistoria Finca Retana y Anexos, se encuentra ubicada en la Ciudad de Antigua, Guatemala,\u00a0 en el Valle de Panchoy, departamento de...","protected":false},"author":2,"featured_media":0,"parent":1194,"menu_order":0,"comment_status":"closed","ping_status":"closed","template":"","meta":[],"_links":{"self":[{"href":"http:\/\/antiguacoffee.org\/index.php\/wp-json\/wp\/v2\/pages\/6517"}],"collection":[{"href":"http:\/\/antiguacoffee.org\/index.php\/wp-json\/wp\/v2\/pages"}],"about":[{"href":"http:\/\/antiguacoffee.org\/index.php\/wp-json\/wp\/v2\/types\/page"}],"author":[{"embeddable":true,"href":"http:\/\/antiguacoffee.org\/index.php\/wp-json\/wp\/v2\/users\/2"}],"replies":[{"embeddable":true,"href":"http:\/\/antiguacoffee.org\/index.php\/wp-json\/wp\/v2\/comments?post=6517"}],"version-history":[{"count":6,"href":"http:\/\/antiguacoffee.org\/index.php\/wp-json\/wp\/v2\/pages\/6517\/revisions"}],"predecessor-version":[{"id":6752,"href":"http:\/\/antiguacoffee.org\/index.php\/wp-json\/wp\/v2\/pages\/6517\/revisions\/6752"}],"up":[{"embeddable":true,"href":"http:\/\/antiguacoffee.org\/index.php\/wp-json\/wp\/v2\/pages\/1194"}],"wp:attachment":[{"href":"http:\/\/antiguacoffee.org\/index.php\/wp-json\/wp\/v2\/media?parent=6517"}],"curies":[{"name":"wp","href":"https:\/\/api.w.org\/{rel}","templated":true}]}}