{"id":6462,"date":"2018-05-09T15:30:03","date_gmt":"2018-05-09T15:30:03","guid":{"rendered":"http:\/\/antiguacoffee.org\/?page_id=6462"},"modified":"2019-01-09T21:37:53","modified_gmt":"2019-01-09T21:37:53","slug":"el-cadejo","status":"publish","type":"page","link":"http:\/\/antiguacoffee.org\/index.php\/asociados\/el-cadejo\/","title":{"rendered":"El Cadejo"},"content":{"rendered":"<section class=\"l-section wpb_row height_small color_primary with_img\"><div class=\"l-section-img\" style=\"background-image: url(http:\/\/antiguacoffee.org\/wp-content\/uploads\/2018\/04\/003.jpg);\" data-img-width=\"2000\" data-img-height=\"1200\"><\/div><div class=\"l-section-overlay\" style=\"background:rgba(68,0,0,0.75)\"><\/div><div class=\"l-section-h i-cf\"><div class=\"g-cols via_grid cols_1 laptops-cols_inherit tablets-cols_inherit mobiles-cols_1 valign_top type_default\"><div class=\"wpb_column vc_column_container\"><div class=\"vc_column-inner\">[vc_custom_heading source=&#8221;post_title&#8221; font_container=&#8221;tag:h2|text_align:center|color:%23ffffff&#8221; use_theme_fonts=&#8221;yes&#8221; css=&#8221;%7B%22default%22%3A%7B%22color%22%3A%22%23ffffff%22%7D%7D&#8221;]<div class=\"w-separator size_medium\"><\/div><\/div><\/div><\/div><\/div><\/section><section class=\"l-section wpb_row height_small\"><div class=\"l-section-h i-cf\"><div class=\"g-cols via_grid cols_1 laptops-cols_inherit tablets-cols_inherit mobiles-cols_1 valign_top type_default\"><div class=\"wpb_column vc_column_container\"><div class=\"vc_column-inner\"><div class=\"g-cols wpb_row via_grid cols_2 laptops-cols_inherit tablets-cols_inherit mobiles-cols_1 valign_middle type_default\"><div class=\"wpb_column vc_column_container\"><div class=\"vc_column-inner\"><div class=\"wpb_text_column\"><div class=\"wpb_wrapper\"><h1>El Cadejo<\/h1>\n<p id=\"u9936-3\"><span id=\"u9936\">ALTURA:<\/span>\u00a01630 a 1875 metros sobre el nivel del mar<br \/>\n\u00c1REA: 51 hect\u00e1reas<br \/>\n\u00c1REA SEMBRADA DE CAF\u00c9: 27 manzanas<br \/>\nVARIEDAD: Catua\u00ed, Borb\u00f3n, Typica y Pacamara.<br \/>\nAsociaciones a las que esta afiliada: Asociaci\u00f3n Nacional del Caf\u00e9 (ANACAFE) y Asociaci\u00f3n de Productores de Caf\u00e9 de Antigua (APCA)<br \/>\nCONTACTO: Mario Enrique Rodas Hegel<br \/>\nE-MAIL: <a href=\"mailto:famirohe@gmail.com\">famirohe@gmail.com<\/a><\/p>\n<\/div><\/div><\/div><\/div><div class=\"wpb_column vc_column_container\"><div class=\"vc_column-inner\"><div class=\"w-image align_center\"><div class=\"w-image-h\"><img width=\"234\" height=\"251\" src=\"http:\/\/antiguacoffee.org\/wp-content\/uploads\/2018\/05\/FincasArtboard-7.png\" class=\"attachment-full size-full\" alt=\"\" loading=\"lazy\" \/><\/div><\/div><\/div><\/div><\/div><div class=\"w-separator size_medium\"><\/div><div class=\"w-tabs layout_hor style_trendy switch_click has_scrolling\" style=\"--sections-title-size:26px\"><div class=\"w-tabs-list items_3 stretch\"><div class=\"w-tabs-list-h\"><a class=\"w-tabs-item active\" aria-controls=\"content-ufb6\" href=\"javascript:void(0);\"><span class=\"w-tabs-item-title\">Mapa<\/span><\/a><a class=\"w-tabs-item\" aria-controls=\"content-lf87\" href=\"javascript:void(0);\"><span class=\"w-tabs-item-title\">Galer\u00eda<\/span><\/a><a class=\"w-tabs-item\" aria-controls=\"content-l0dc\" href=\"javascript:void(0);\"><span class=\"w-tabs-item-title\">Historia<\/span><\/a><\/div><\/div><div class=\"w-tabs-sections titles-align_none icon_chevron cpos_right\"><div class=\"w-tabs-section active\" id=\"map\"><button aria-controls=\"content-map\" class=\"w-tabs-section-header active\"><div class=\"w-tabs-section-title\">Mapa<\/div><div class=\"w-tabs-section-control\"><\/div><\/button><div class=\"w-tabs-section-content\" id=\"content-map\" aria-expanded=\"true\"><div class=\"w-tabs-section-content-h i-cf\"><div class=\"w-map provider_google\" id=\"us_map_1\"><div class=\"w-map-json\" onclick='return {&quot;address&quot;:&quot;14.562404 -90.701775&quot;,&quot;zoom&quot;:14,&quot;hideControls&quot;:0,&quot;disableZoom&quot;:0,&quot;disableDragging&quot;:0,&quot;markers&quot;:[{&quot;address&quot;:&quot;14.562404 -90.701775&quot;,&quot;html&quot;:&quot;&lt;h6&gt;Hey, we are here!&lt;\\\/h6&gt;&lt;p&gt;We will be glad to see you in our office.&lt;\\\/p&gt;&quot;,&quot;infowindow&quot;:false}],&quot;maptype&quot;:&quot;ROADMAP&quot;}'><\/div><\/div><\/div><\/div><\/div><div class=\"w-tabs-section\" id=\"galer\u00eda\"><button aria-controls=\"content-galer\u00eda\" class=\"w-tabs-section-header\"><div class=\"w-tabs-section-title\">Galer\u00eda<\/div><div class=\"w-tabs-section-control\"><\/div><\/button><div class=\"w-tabs-section-content\" id=\"content-galer\u00eda\" aria-expanded=\"false\"><div class=\"w-tabs-section-content-h i-cf\"><div class=\"g-cols wpb_row via_grid cols_1 laptops-cols_inherit tablets-cols_inherit mobiles-cols_1 valign_top type_default\"><div class=\"wpb_column vc_column_container\"><div class=\"vc_column-inner\"><div class=\"w-slider style_none fit_scaledown\"><div class=\"w-slider-h\"><div class=\"royalSlider\"><div class=\"rsContent\"><a class=\"rsImg\" data-rsw=\"600\" data-rsh=\"401\" href=\"http:\/\/antiguacoffee.org\/wp-content\/uploads\/2018\/05\/elcadejo-2-600x401.jpg\"><span data-alt=\"\"><\/span><\/a><img width=\"150\" height=\"150\" src=\"http:\/\/antiguacoffee.org\/wp-content\/uploads\/2018\/05\/elcadejo-2-150x150.jpg\" class=\"rsTmb\" alt=\"\" loading=\"lazy\" srcset=\"http:\/\/antiguacoffee.org\/wp-content\/uploads\/2018\/05\/elcadejo-2-150x150.jpg 150w, http:\/\/antiguacoffee.org\/wp-content\/uploads\/2018\/05\/elcadejo-2-350x350.jpg 350w\" sizes=\"(max-width: 150px) 100vw, 150px\" \/><\/div><div class=\"rsContent\"><a class=\"rsImg\" data-rsw=\"600\" data-rsh=\"401\" href=\"http:\/\/antiguacoffee.org\/wp-content\/uploads\/2018\/05\/elcadejo-3-600x401.jpg\"><span data-alt=\"\"><\/span><\/a><img width=\"150\" height=\"150\" src=\"http:\/\/antiguacoffee.org\/wp-content\/uploads\/2018\/05\/elcadejo-3-150x150.jpg\" class=\"rsTmb\" alt=\"\" loading=\"lazy\" srcset=\"http:\/\/antiguacoffee.org\/wp-content\/uploads\/2018\/05\/elcadejo-3-150x150.jpg 150w, http:\/\/antiguacoffee.org\/wp-content\/uploads\/2018\/05\/elcadejo-3-350x350.jpg 350w\" sizes=\"(max-width: 150px) 100vw, 150px\" \/><\/div><div class=\"rsContent\"><a class=\"rsImg\" data-rsw=\"600\" data-rsh=\"401\" href=\"http:\/\/antiguacoffee.org\/wp-content\/uploads\/2018\/05\/elcadejo-600x401.jpg\"><span data-alt=\"\"><\/span><\/a><img width=\"150\" height=\"150\" src=\"http:\/\/antiguacoffee.org\/wp-content\/uploads\/2018\/05\/elcadejo-150x150.jpg\" class=\"rsTmb\" alt=\"\" loading=\"lazy\" srcset=\"http:\/\/antiguacoffee.org\/wp-content\/uploads\/2018\/05\/elcadejo-150x150.jpg 150w, http:\/\/antiguacoffee.org\/wp-content\/uploads\/2018\/05\/elcadejo-350x350.jpg 350w\" sizes=\"(max-width: 150px) 100vw, 150px\" \/><\/div><\/div><img src=\"http:\/\/antiguacoffee.org\/wp-content\/uploads\/2018\/05\/elcadejo-2-600x401.jpg\" width=\"600\" height=\"401\" alt loading=\"lazy\"><\/div><div class=\"w-slider-json\" onclick='return {&quot;loop&quot;:true,&quot;fadeInLoadedSlide&quot;:false,&quot;slidesSpacing&quot;:0,&quot;imageScalePadding&quot;:0,&quot;numImagesToPreload&quot;:2,&quot;arrowsNav&quot;:true,&quot;arrowsNavAutoHide&quot;:false,&quot;transitionType&quot;:&quot;fade&quot;,&quot;transitionSpeed&quot;:250,&quot;block&quot;:{&quot;moveEffect&quot;:&quot;none&quot;,&quot;speed&quot;:300},&quot;controlNavigation&quot;:&quot;thumbnails&quot;,&quot;imageScaleMode&quot;:&quot;fit-if-smaller&quot;,&quot;autoScaleSlider&quot;:true,&quot;autoScaleSliderWidth&quot;:600,&quot;autoScaleSliderHeight&quot;:401,&quot;fitInViewport&quot;:false}'><\/div><\/div><div class=\"w-separator size_medium\"><\/div><div class=\"w-video align_none ratio_16x9\" onclick=\"return {&quot;player_id&quot;:&quot;youtube-jeb9&quot;,&quot;player_api&quot;:&quot;\\\/\\\/www.youtube.com\\\/player_api&quot;,&quot;player_html&quot;:&quot;&lt;div id=\\&quot;youtube-jeb9\\&quot;&gt;&lt;\\\/div&gt;&lt;script&gt;\\r\\n\\t\\t\\tif ( window.USYTPlayers === undefined ) {\\r\\n\\t\\t\\t\\twindow.USYTPlayers = [];\\r\\n\\t\\t\\t}\\r\\n\\t\\t\\twindow.USYTPlayers.push( {\\r\\n\\t\\t\\t\\tplayerID: \\&quot;youtube-jeb9\\&quot;,\\r\\n\\t\\t\\t\\tvideoID: \\&quot;UUpvwbbWII0\\&quot;,\\r\\n\\t\\t\\t\\tplayerVars: {\\&quot;origin\\&quot;:\\&quot;http:\\\\\\\/\\\\\\\/antiguacoffee.org\\&quot;,\\&quot;controls\\&quot;:1}\\t\\t\\t\\r\\n\\t\\t\\t} );\\r\\n\\t\\t\\tif ( window.onYouTubePlayerAPIReady === undefined ) {\\r\\n\\t\\t\\t\\twindow.onYouTubePlayerAPIReady = function() {\\r\\n\\t\\t\\t\\t\\tfor ( var i in window.USYTPlayers ) {\\r\\n\\t\\t\\t\\t\\t\\tvar _playerParams = window.USYTPlayers[ i ];\\r\\n\\t\\t\\t\\t\\t\\t$us.YTPlayers[ _playerParams.playerID ] = new YT.Player( _playerParams.playerID, {\\r\\n\\t\\t\\t\\t\\t\\t\\tvideoId: _playerParams.videoID,\\r\\n\\t\\t\\t\\t\\t\\t\\tplayerVars: _playerParams.playerVars\\r\\n\\t\\t\\t\\t\\t\\t} );\\r\\n\\t\\t\\t\\t\\t}\\r\\n\\t\\t\\t\\t}\\r\\n\\t\\t\\t}\\r\\n\\t\\t\\tif ( !! window.YT ) {\\r\\n\\t\\t\\t\\t$us.YTPlayers[\\&quot;youtube-jeb9\\&quot;] = new YT.Player( \\&quot;youtube-jeb9\\&quot;, {\\r\\n\\t\\t\\t\\t\\tvideoId: \\&quot;UUpvwbbWII0\\&quot;,\\r\\n\\t\\t\\t\\t\\tplayerVars: {\\&quot;origin\\&quot;:\\&quot;http:\\\\\\\/\\\\\\\/antiguacoffee.org\\&quot;,\\&quot;controls\\&quot;:1}\\r\\n\\t\\t\\t\\t} );\\r\\n\\t\\t\\t}\\r\\n\\t\\t&lt;\\\/script&gt;&quot;}\"><div class=\"w-video-h\"><\/div><div class=\"w-video-icon\" style=\"font-size:1.5rem;background:rgba(0,0,0,0.5);color:#fff\"><\/div><\/div><\/div><\/div><\/div><\/div><\/div><\/div><div class=\"w-tabs-section\" id=\"1525878551886-e4e876ba-b1e5\"><button aria-controls=\"content-1525878551886-e4e876ba-b1e5\" class=\"w-tabs-section-header\"><div class=\"w-tabs-section-title\">Historia<\/div><div class=\"w-tabs-section-control\"><\/div><\/button><div class=\"w-tabs-section-content\" id=\"content-1525878551886-e4e876ba-b1e5\" aria-expanded=\"false\"><div class=\"w-tabs-section-content-h i-cf\"><div class=\"wpb_text_column\"><div class=\"wpb_wrapper\"><p id=\"u11107-4\">La finca est\u00e1 situada en la Aldea San Juan Gasc\u00f3n, Municipio de La Antigua Guatemala, Departamento de Sacatep\u00e9quez. Desde 1884 es propiedad de la misma familia y actualmente la trabajan los miembros de la quinta generaci\u00f3n, quienes siempre han tratado de cuidar los bosques y mantos acu\u00edferos que proporcionan agua, aire puro y sirven de h\u00e1bitat para las aves. La sombra que se usa es de \u00e1rboles que pertenecen a la especie Gravilea (Gravillea Robusta), que protegen de las heladas a las plantas del caf\u00e9 lo cual es muy importante en esta regi\u00f3n.<\/p>\n<p id=\"u11107-8\">Actualmente la finca tiene Beneficio H\u00famedo y Seco y procesa caf\u00e9 en pergamino y oro. El per\u00edodo de cosecha es de enero a abril. El caf\u00e9 que se produce<\/p>\n<\/div><\/div><\/div><\/div><\/div><\/div><\/div><\/div><\/div><\/div><\/div><\/section>\n","protected":false},"excerpt":{"rendered":"[vc_custom_heading source=\"post_title\" font_container=\"tag:h2|text_align:center|color:%23ffffff\" use_theme_fonts=\"yes\"]El Cadejo ALTURA:\u00a01630 a 1875 metros sobre el nivel del mar \u00c1REA: 51 hect\u00e1reas \u00c1REA SEMBRADA DE CAF\u00c9: 27 manzanas VARIEDAD: Catua\u00ed, Borb\u00f3n, Typica y Pacamara. Asociaciones a las que esta afiliada: Asociaci\u00f3n Nacional del Caf\u00e9 (ANACAFE) y Asociaci\u00f3n de Productores de Caf\u00e9 de Antigua (APCA) CONTACTO: Mario Enrique Rodas Hegel E-MAIL:...","protected":false},"author":2,"featured_media":0,"parent":1194,"menu_order":0,"comment_status":"closed","ping_status":"closed","template":"","meta":[],"_links":{"self":[{"href":"http:\/\/antiguacoffee.org\/index.php\/wp-json\/wp\/v2\/pages\/6462"}],"collection":[{"href":"http:\/\/antiguacoffee.org\/index.php\/wp-json\/wp\/v2\/pages"}],"about":[{"href":"http:\/\/antiguacoffee.org\/index.php\/wp-json\/wp\/v2\/types\/page"}],"author":[{"embeddable":true,"href":"http:\/\/antiguacoffee.org\/index.php\/wp-json\/wp\/v2\/users\/2"}],"replies":[{"embeddable":true,"href":"http:\/\/antiguacoffee.org\/index.php\/wp-json\/wp\/v2\/comments?post=6462"}],"version-history":[{"count":7,"href":"http:\/\/antiguacoffee.org\/index.php\/wp-json\/wp\/v2\/pages\/6462\/revisions"}],"predecessor-version":[{"id":6772,"href":"http:\/\/antiguacoffee.org\/index.php\/wp-json\/wp\/v2\/pages\/6462\/revisions\/6772"}],"up":[{"embeddable":true,"href":"http:\/\/antiguacoffee.org\/index.php\/wp-json\/wp\/v2\/pages\/1194"}],"wp:attachment":[{"href":"http:\/\/antiguacoffee.org\/index.php\/wp-json\/wp\/v2\/media?parent=6462"}],"curies":[{"name":"wp","href":"https:\/\/api.w.org\/{rel}","templated":true}]}}