{"id":6413,"date":"2018-05-08T15:57:46","date_gmt":"2018-05-08T15:57:46","guid":{"rendered":"http:\/\/antiguacoffee.org\/?page_id=6413"},"modified":"2019-01-09T21:37:55","modified_gmt":"2019-01-09T21:37:55","slug":"bella-vista","status":"publish","type":"page","link":"http:\/\/antiguacoffee.org\/index.php\/asociados\/bella-vista\/","title":{"rendered":"Bella Vista"},"content":{"rendered":"<section class=\"l-section wpb_row height_auto color_primary with_img\"><div class=\"l-section-img\" style=\"background-image: url(http:\/\/antiguacoffee.org\/wp-content\/uploads\/2018\/04\/003.jpg);\" data-img-width=\"2000\" data-img-height=\"1200\"><\/div><div class=\"l-section-overlay\" style=\"background:rgba(68,0,0,0.75)\"><\/div><div class=\"l-section-h i-cf\"><div class=\"g-cols via_grid cols_3 laptops-cols_inherit tablets-cols_inherit mobiles-cols_1 valign_middle type_default\"><div class=\"wpb_column vc_column_container\"><div class=\"vc_column-inner\"><div class=\"w-btn-wrapper align_center\"><a class=\"w-btn us-btn-style_4 us_custom_f73f4019\" href=\"http:\/\/antiguacoffee.org\/index.php\/asociados\/bella-vista-2\/\"><span class=\"w-btn-label\">Previous<\/span><\/a><\/div><\/div><\/div><div class=\"wpb_column vc_column_container\"><div class=\"vc_column-inner\">[vc_custom_heading source=&#8221;post_title&#8221; font_container=&#8221;tag:h2|text_align:center|color:%23ffffff&#8221; use_theme_fonts=&#8221;yes&#8221; css=&#8221;%7B%22default%22%3A%7B%22color%22%3A%22%23ffffff%22%7D%7D&#8221;]<\/div><\/div><div class=\"wpb_column vc_column_container\"><div class=\"vc_column-inner\"><div class=\"w-btn-wrapper align_center\"><a class=\"w-btn us-btn-style_4 us_custom_f73f4019\" href=\"http:\/\/antiguacoffee.org\/index.php\/asociados\/buena-vista\/\"><span class=\"w-btn-label\">Next<\/span><\/a><\/div><\/div><\/div><\/div><\/div><\/section><section class=\"l-section wpb_row height_small\"><div class=\"l-section-h i-cf\"><div class=\"g-cols via_grid cols_1 laptops-cols_inherit tablets-cols_inherit mobiles-cols_1 valign_top type_default\"><div class=\"wpb_column vc_column_container\"><div class=\"vc_column-inner\"><div class=\"g-cols wpb_row via_grid cols_3 laptops-cols_inherit tablets-cols_inherit mobiles-cols_1 valign_middle type_default\"><div class=\"wpb_column vc_column_container\"><div class=\"vc_column-inner\"><div class=\"wpb_text_column\"><div class=\"wpb_wrapper\"><p style=\"text-align: right\">HECTAREAS:<br \/>\nALTURA:<br \/>\nVARIEDADES:<br \/>\nUBICACI\u00d3N:<br \/>\nCONTACTO:<br \/>\nDIRECCI\u00d3N OFICINAS:<br \/>\nTEL\u00c9FONO:<br \/>\nE-MAIL:<\/p>\n<\/div><\/div><\/div><\/div><div class=\"wpb_column vc_column_container\"><div class=\"vc_column-inner\"><div class=\"wpb_text_column\"><div class=\"wpb_wrapper\"><p>33.6<br \/>\nMax 1,528 Min 1,500 msnm<br \/>\nBourb\u00f3n, Caturra, Catimor, Venecia<br \/>\nCiudad Vieja<br \/>\nLuis Pedro Zelaya Zamora<br \/>\n12 calle 4-37, zona 10, Guatemala<br \/>\n2331-4734 \/ 7834-0501<br \/>\n<a href=\"mailto:luispedrozelayaz1@me.com\">luispedrozelayaz1@me.com<\/a><\/p>\n<\/div><\/div><\/div><\/div><div class=\"wpb_column vc_column_container\"><div class=\"vc_column-inner\"><div class=\"w-image align_center\"><div class=\"w-image-h\"><img width=\"234\" height=\"251\" src=\"http:\/\/antiguacoffee.org\/wp-content\/uploads\/2018\/05\/FincasArtboard-2.png\" class=\"attachment-full size-full\" alt=\"\" loading=\"lazy\" \/><\/div><\/div><div class=\"w-socials us_custom_a5c88937 align_center color_brand shape_square style_default hover_fade\" style=\"--gap:0.1em;\"><div class=\"w-socials-list\"><div class=\"w-socials-item twitter\"><a class=\"w-socials-item-link\" href=\"https:\/\/twitter.com\/zelcafe\" target=\"_blank\" rel=\"noopener nofollow\" title=\"Twitter\" aria-label=\"Twitter\"><span class=\"w-socials-item-link-hover\"><\/span><i class=\"fab fa-twitter\"><\/i><\/a><div class=\"w-socials-item-popup\"><span>Twitter<\/span><\/div><\/div><\/div><\/div><\/div><\/div><\/div><div class=\"w-separator size_medium\"><\/div><div class=\"w-tabs layout_hor style_trendy switch_click has_scrolling\" style=\"--sections-title-size:26px\"><div class=\"w-tabs-list items_2 stretch\"><div class=\"w-tabs-list-h\"><a class=\"w-tabs-item active\" aria-controls=\"content-s59b\" href=\"javascript:void(0);\"><span class=\"w-tabs-item-title\">Mapa<\/span><\/a><a class=\"w-tabs-item\" aria-controls=\"content-nc10\" href=\"javascript:void(0);\"><span class=\"w-tabs-item-title\">Galer\u00eda<\/span><\/a><\/div><\/div><div class=\"w-tabs-sections titles-align_none icon_chevron cpos_right\"><div class=\"w-tabs-section active\" id=\"map\"><button aria-controls=\"content-map\" class=\"w-tabs-section-header active\"><div class=\"w-tabs-section-title\">Mapa<\/div><div class=\"w-tabs-section-control\"><\/div><\/button><div class=\"w-tabs-section-content\" id=\"content-map\" aria-expanded=\"true\"><div class=\"w-tabs-section-content-h i-cf\"><div class=\"w-map provider_google\" id=\"us_map_1\"><div class=\"w-map-json\" onclick='return {&quot;address&quot;:&quot;14.534159 -90.754535&quot;,&quot;zoom&quot;:14,&quot;hideControls&quot;:0,&quot;disableZoom&quot;:0,&quot;disableDragging&quot;:0,&quot;markers&quot;:[{&quot;address&quot;:&quot;14.534159 -90.754535&quot;,&quot;html&quot;:&quot;&lt;h6&gt;Hey, we are here!&lt;\\\/h6&gt;&lt;p&gt;We will be glad to see you in our office.&lt;\\\/p&gt;&quot;,&quot;infowindow&quot;:false}],&quot;maptype&quot;:&quot;ROADMAP&quot;}'><\/div><\/div><\/div><\/div><\/div><div class=\"w-tabs-section\" id=\"galer\u00eda\"><button aria-controls=\"content-galer\u00eda\" class=\"w-tabs-section-header\"><div class=\"w-tabs-section-title\">Galer\u00eda<\/div><div class=\"w-tabs-section-control\"><\/div><\/button><div class=\"w-tabs-section-content\" id=\"content-galer\u00eda\" aria-expanded=\"false\"><div class=\"w-tabs-section-content-h i-cf\"><div class=\"g-cols wpb_row via_grid cols_1 laptops-cols_inherit tablets-cols_inherit mobiles-cols_1 valign_top type_default\"><div class=\"wpb_column vc_column_container\"><div class=\"vc_column-inner\"><div class=\"w-slider style_none fit_scaledown\"><div class=\"w-slider-h\"><div class=\"royalSlider\"><div class=\"rsContent\"><a class=\"rsImg\" data-rsw=\"600\" data-rsh=\"450\" href=\"http:\/\/antiguacoffee.org\/wp-content\/uploads\/2018\/05\/CauN2ZzUEAEJFez-600x450.jpg\"><span data-alt=\"\"><\/span><\/a><img width=\"150\" height=\"150\" src=\"http:\/\/antiguacoffee.org\/wp-content\/uploads\/2018\/05\/CauN2ZzUEAEJFez-150x150.jpg\" class=\"rsTmb\" alt=\"\" loading=\"lazy\" srcset=\"http:\/\/antiguacoffee.org\/wp-content\/uploads\/2018\/05\/CauN2ZzUEAEJFez-150x150.jpg 150w, http:\/\/antiguacoffee.org\/wp-content\/uploads\/2018\/05\/CauN2ZzUEAEJFez-350x350.jpg 350w, http:\/\/antiguacoffee.org\/wp-content\/uploads\/2018\/05\/CauN2ZzUEAEJFez-600x600.jpg 600w\" sizes=\"(max-width: 150px) 100vw, 150px\" \/><\/div><div class=\"rsContent\"><a class=\"rsImg\" data-rsw=\"600\" data-rsh=\"338\" href=\"http:\/\/antiguacoffee.org\/wp-content\/uploads\/2018\/05\/maxresdefault-600x338.jpg\"><span data-alt=\"\"><\/span><\/a><img width=\"150\" height=\"150\" src=\"http:\/\/antiguacoffee.org\/wp-content\/uploads\/2018\/05\/maxresdefault-150x150.jpg\" class=\"rsTmb\" alt=\"\" loading=\"lazy\" srcset=\"http:\/\/antiguacoffee.org\/wp-content\/uploads\/2018\/05\/maxresdefault-150x150.jpg 150w, http:\/\/antiguacoffee.org\/wp-content\/uploads\/2018\/05\/maxresdefault-350x350.jpg 350w, http:\/\/antiguacoffee.org\/wp-content\/uploads\/2018\/05\/maxresdefault-600x600.jpg 600w\" sizes=\"(max-width: 150px) 100vw, 150px\" \/><\/div><div class=\"rsContent\"><a class=\"rsImg\" data-rsw=\"472\" data-rsh=\"315\" href=\"http:\/\/antiguacoffee.org\/wp-content\/uploads\/2018\/05\/bella-vista.jpg\"><span data-alt=\"\"><\/span><\/a><img width=\"150\" height=\"150\" src=\"http:\/\/antiguacoffee.org\/wp-content\/uploads\/2018\/05\/bella-vista-150x150.jpg\" class=\"rsTmb\" alt=\"\" loading=\"lazy\" \/><\/div><\/div><img src=\"http:\/\/antiguacoffee.org\/wp-content\/uploads\/2018\/05\/CauN2ZzUEAEJFez-600x450.jpg\" width=\"600\" height=\"450\" alt loading=\"lazy\"><\/div><div class=\"w-slider-json\" onclick='return {&quot;loop&quot;:true,&quot;fadeInLoadedSlide&quot;:false,&quot;slidesSpacing&quot;:0,&quot;imageScalePadding&quot;:0,&quot;numImagesToPreload&quot;:2,&quot;arrowsNav&quot;:true,&quot;arrowsNavAutoHide&quot;:false,&quot;transitionType&quot;:&quot;fade&quot;,&quot;transitionSpeed&quot;:250,&quot;block&quot;:{&quot;moveEffect&quot;:&quot;none&quot;,&quot;speed&quot;:300},&quot;controlNavigation&quot;:&quot;thumbnails&quot;,&quot;imageScaleMode&quot;:&quot;fit-if-smaller&quot;,&quot;autoScaleSlider&quot;:true,&quot;autoScaleSliderWidth&quot;:600,&quot;autoScaleSliderHeight&quot;:450,&quot;fitInViewport&quot;:false}'><\/div><\/div><\/div><\/div><\/div><\/div><\/div><\/div><\/div><\/div><\/div><\/div><\/div><\/div><\/section>\n","protected":false},"excerpt":{"rendered":"Previous[vc_custom_heading source=\"post_title\" font_container=\"tag:h2|text_align:center|color:%23ffffff\" use_theme_fonts=\"yes\"]NextHECTAREAS: ALTURA: VARIEDADES: UBICACI\u00d3N: CONTACTO: DIRECCI\u00d3N OFICINAS: TEL\u00c9FONO: E-MAIL: 33.6 Max 1,528 Min 1,500 msnm Bourb\u00f3n, Caturra, Catimor, Venecia Ciudad Vieja Luis Pedro Zelaya Zamora 12 calle 4-37, zona 10, Guatemala 2331-4734 \/ 7834-0501 luispedrozelayaz1@me.com TwitterMapaGaler\u00edaMapaGaler\u00eda","protected":false},"author":2,"featured_media":0,"parent":1194,"menu_order":0,"comment_status":"closed","ping_status":"closed","template":"","meta":[],"_links":{"self":[{"href":"http:\/\/antiguacoffee.org\/index.php\/wp-json\/wp\/v2\/pages\/6413"}],"collection":[{"href":"http:\/\/antiguacoffee.org\/index.php\/wp-json\/wp\/v2\/pages"}],"about":[{"href":"http:\/\/antiguacoffee.org\/index.php\/wp-json\/wp\/v2\/types\/page"}],"author":[{"embeddable":true,"href":"http:\/\/antiguacoffee.org\/index.php\/wp-json\/wp\/v2\/users\/2"}],"replies":[{"embeddable":true,"href":"http:\/\/antiguacoffee.org\/index.php\/wp-json\/wp\/v2\/comments?post=6413"}],"version-history":[{"count":31,"href":"http:\/\/antiguacoffee.org\/index.php\/wp-json\/wp\/v2\/pages\/6413\/revisions"}],"predecessor-version":[{"id":6778,"href":"http:\/\/antiguacoffee.org\/index.php\/wp-json\/wp\/v2\/pages\/6413\/revisions\/6778"}],"up":[{"embeddable":true,"href":"http:\/\/antiguacoffee.org\/index.php\/wp-json\/wp\/v2\/pages\/1194"}],"wp:attachment":[{"href":"http:\/\/antiguacoffee.org\/index.php\/wp-json\/wp\/v2\/media?parent=6413"}],"curies":[{"name":"wp","href":"https:\/\/api.w.org\/{rel}","templated":true}]}}