{"id":5798,"date":"2013-05-31T11:57:37","date_gmt":"2013-05-31T11:57:37","guid":{"rendered":"http:\/\/impreza.us-themes.net\/pages\/about\/"},"modified":"2019-01-09T21:37:54","modified_gmt":"2019-01-09T21:37:54","slug":"about","status":"publish","type":"page","link":"http:\/\/antiguacoffee.org\/index.php\/about\/","title":{"rendered":"Acerca de"},"content":{"rendered":"<section class=\"l-section wpb_row height_medium color_primary with_img parallax_hor bgwidth_120\"><div class=\"l-section-img\" style=\"background-image: url(http:\/\/antiguacoffee.org\/wp-content\/uploads\/2018\/04\/008.jpg);\" data-img-width=\"2000\" data-img-height=\"1200\"><\/div><div class=\"l-section-overlay\" style=\"background:rgba(68,0,0,0.75)\"><\/div><div class=\"l-section-h i-cf\"><div class=\"g-cols via_grid cols_1 laptops-cols_inherit tablets-cols_inherit mobiles-cols_1 valign_top type_default\"><div class=\"wpb_column vc_column_container\"><div class=\"vc_column-inner\">[vc_custom_heading text=&#8221;<strong>ACERCA DE APCA<\/strong>&#8221; font_container=&#8221;tag:h1|font_size:60|text_align:center&#8221; use_theme_fonts=&#8221;yes&#8221; css=&#8221;%7B%22default%22%3A%7B%22font-size%22%3A%2260%22%7D%7D&#8221;]<div class=\"w-iconbox iconpos_top style_default color_custom align_center no_title no_text\"><a href=\"#intro\" class=\"w-iconbox-link\" aria-label=\"fas|chevron-down\"><div class=\"w-iconbox-icon\" style=\"font-size:2rem;color:#ffffff;\"><i class=\"fas fa-chevron-down\"><\/i><\/div><\/a><div class=\"w-iconbox-meta\"><\/div><\/div><div class=\"w-separator size_medium\"><\/div><\/div><\/div><\/div><\/div><\/section><section class=\"l-section wpb_row height_auto color_primary type_sticky\"><div class=\"l-section-h i-cf\"><div class=\"g-cols via_grid cols_1 laptops-cols_inherit tablets-cols_inherit mobiles-cols_1 valign_top type_default\"><div class=\"wpb_column vc_column_container\"><div class=\"vc_column-inner\"><\/div><\/div><\/div><\/div><\/section><section class=\"l-section wpb_row height_large color_alternate\" id=\"intro\"><div class=\"l-section-h i-cf\"><div class=\"g-cols via_grid cols_1 laptops-cols_inherit tablets-cols_inherit mobiles-cols_1 valign_top type_default\"><div class=\"wpb_column vc_column_container\"><div class=\"vc_column-inner\"><div class=\"w-image align_center us_animate_afc\"><div class=\"w-image-h\"><img width=\"300\" height=\"232\" src=\"http:\/\/antiguacoffee.org\/wp-content\/uploads\/2018\/04\/apca-logo-1-color-01-01-300x232.png\" class=\"attachment-medium size-medium\" alt=\"\" loading=\"lazy\" srcset=\"http:\/\/antiguacoffee.org\/wp-content\/uploads\/2018\/04\/apca-logo-1-color-01-01-300x232.png 300w, http:\/\/antiguacoffee.org\/wp-content\/uploads\/2018\/04\/apca-logo-1-color-01-01-768x593.png 768w, http:\/\/antiguacoffee.org\/wp-content\/uploads\/2018\/04\/apca-logo-1-color-01-01-1024x791.png 1024w, http:\/\/antiguacoffee.org\/wp-content\/uploads\/2018\/04\/apca-logo-1-color-01-01-600x464.png 600w, http:\/\/antiguacoffee.org\/wp-content\/uploads\/2018\/04\/apca-logo-1-color-01-01.png 1650w\" sizes=\"(max-width: 300px) 100vw, 300px\" \/><\/div><\/div><div class=\"wpb_text_column\"><div class=\"wpb_wrapper\"><p class=\"shared_content\" data-content-guid=\"u2944-10_0_content\">En el\u00a0 a\u00f1o 2000 los productores de la Regi\u00f3n\u00a0\u00a0 de Antigua Guatemala\u00a0 se unieron con el objetivo de fundar la ASOCIACI\u00d3N DE PRODUCTORES DE CAF\u00c9 GENUINO ANTIGUA, la cual es conocida como APCA, teniendo fines de car\u00e1cter eminentemente econ\u00f3mico sociales.<\/p>\n<p class=\"shared_content\" data-content-guid=\"u2944-10_2_content\">El principal objetivo\u00a0 de APCA es mantener el reconocimiento del Caf\u00e9\u00a0\u00a0 \u201cGenuino Antigua\u201d a nivel mundial garantizando el origen y la calidad del caf\u00e9 producido por sus asociados dentro del \u00e1rea delimitada de Antigua Guatemala.<\/p>\n<p class=\"shared_content\" data-content-guid=\"u2944-10_4_content\">Reglamenta los atributos f\u00edsicos y organol\u00e9pticos del caf\u00e9 que merece \u00e9ste nombre,\u00a0 sosteniendo\u00a0 y ampliando\u00a0 el mercado del caf\u00e9 Genuino Antigua, cumpliendo con\u00a0 los est\u00e1ndares que durante 150 a\u00f1os han formado\u00a0 la reputaci\u00f3n mundial de nuestro caf\u00e9, garantizando al comprador el origen y la calidad del caf\u00e9 ofrecido como \u201cCaf\u00e9 Genuino Antigua\u201d<\/p>\n<\/div><\/div><div class=\"w-separator size_large\"><\/div><\/div><\/div><\/div><\/div><\/section><section class=\"l-section wpb_row height_small\" id=\"clients\"><div class=\"l-section-h i-cf\"><div class=\"g-cols via_grid cols_1 laptops-cols_inherit tablets-cols_inherit mobiles-cols_1 valign_top type_default\"><div class=\"wpb_column vc_column_container\"><div class=\"vc_column-inner\"><div class=\"wpb_text_column\"><div class=\"wpb_wrapper\"><h2 style=\"text-align: center\">Galer\u00eda<\/h2>\n<\/div><\/div><\/div><\/div><\/div><\/div><\/section><section class=\"l-section wpb_row height_small\"><div class=\"l-section-h i-cf\"><div class=\"g-cols via_grid cols_1 laptops-cols_inherit tablets-cols_inherit mobiles-cols_1 valign_top type_default\"><div class=\"wpb_column vc_column_container\"><div class=\"vc_column-inner\"><div class=\"w-grid type_grid layout_gallery_default cols_3 no_gap\" id=\"us_grid_1\" data-filterable=\"true\"><style>@media (max-width:479px){#us_grid_1 .w-grid-item{width:50%}}.layout_gallery_default .w-grid-item-h{}<\/style><div class=\"w-grid-list\">\t<article class=\"w-grid-item post-6259 attachment type-attachment status-inherit hentry\" data-id=\"6259\">\r\n\t\t<div class=\"w-grid-item-h\">\r\n\t\t\t\t\t\t\t<a class=\"w-grid-item-anchor\" href=\"http:\/\/antiguacoffee.org\/wp-content\/uploads\/2018\/04\/apca-9.jpg\" ref=\"magnificPopupGrid\" title=\"apca-9\"><\/a>\r\n\t\t\t\t\t\t<div class=\"w-post-elm post_image usg_post_image_1 stretched\"><img width=\"1\" height=\"1\" src=\"http:\/\/antiguacoffee.org\/wp-content\/uploads\/2018\/04\/apca-9.jpg\" class=\"attachment-us_600_600_crop size-us_600_600_crop\" alt=\"\" loading=\"lazy\" \/><\/div>\t\t<\/div>\r\n\t<\/article>\r\n\t<article class=\"w-grid-item post-6260 attachment type-attachment status-inherit hentry\" data-id=\"6260\">\r\n\t\t<div class=\"w-grid-item-h\">\r\n\t\t\t\t\t\t\t<a class=\"w-grid-item-anchor\" href=\"http:\/\/antiguacoffee.org\/wp-content\/uploads\/2018\/04\/apca-11.jpg\" ref=\"magnificPopupGrid\" title=\"apca-11\"><\/a>\r\n\t\t\t\t\t\t<div class=\"w-post-elm post_image usg_post_image_1 stretched\"><img width=\"1\" height=\"1\" src=\"http:\/\/antiguacoffee.org\/wp-content\/uploads\/2018\/04\/apca-11.jpg\" class=\"attachment-us_600_600_crop size-us_600_600_crop\" alt=\"\" loading=\"lazy\" \/><\/div>\t\t<\/div>\r\n\t<\/article>\r\n\t<article class=\"w-grid-item post-6261 attachment type-attachment status-inherit hentry\" data-id=\"6261\">\r\n\t\t<div class=\"w-grid-item-h\">\r\n\t\t\t\t\t\t\t<a class=\"w-grid-item-anchor\" href=\"http:\/\/antiguacoffee.org\/wp-content\/uploads\/2018\/04\/apca-14.jpg\" ref=\"magnificPopupGrid\" title=\"apca-14\"><\/a>\r\n\t\t\t\t\t\t<div class=\"w-post-elm post_image usg_post_image_1 stretched\"><img width=\"1\" height=\"1\" src=\"http:\/\/antiguacoffee.org\/wp-content\/uploads\/2018\/04\/apca-14.jpg\" class=\"attachment-us_600_600_crop size-us_600_600_crop\" alt=\"\" loading=\"lazy\" \/><\/div>\t\t<\/div>\r\n\t<\/article>\r\n\t<article class=\"w-grid-item post-6262 attachment type-attachment status-inherit hentry\" data-id=\"6262\">\r\n\t\t<div class=\"w-grid-item-h\">\r\n\t\t\t\t\t\t\t<a class=\"w-grid-item-anchor\" href=\"http:\/\/antiguacoffee.org\/wp-content\/uploads\/2018\/04\/apca-18.jpg\" ref=\"magnificPopupGrid\" title=\"apca-18\"><\/a>\r\n\t\t\t\t\t\t<div class=\"w-post-elm post_image usg_post_image_1 stretched\"><img width=\"1\" height=\"1\" src=\"http:\/\/antiguacoffee.org\/wp-content\/uploads\/2018\/04\/apca-18.jpg\" class=\"attachment-us_600_600_crop size-us_600_600_crop\" alt=\"\" loading=\"lazy\" \/><\/div>\t\t<\/div>\r\n\t<\/article>\r\n\t<article class=\"w-grid-item post-6263 attachment type-attachment status-inherit hentry\" data-id=\"6263\">\r\n\t\t<div class=\"w-grid-item-h\">\r\n\t\t\t\t\t\t\t<a class=\"w-grid-item-anchor\" href=\"http:\/\/antiguacoffee.org\/wp-content\/uploads\/2018\/04\/apca-21.jpg\" ref=\"magnificPopupGrid\" title=\"apca-21\"><\/a>\r\n\t\t\t\t\t\t<div class=\"w-post-elm post_image usg_post_image_1 stretched\"><img width=\"1\" height=\"1\" src=\"http:\/\/antiguacoffee.org\/wp-content\/uploads\/2018\/04\/apca-21.jpg\" class=\"attachment-us_600_600_crop size-us_600_600_crop\" alt=\"\" loading=\"lazy\" \/><\/div>\t\t<\/div>\r\n\t<\/article>\r\n\t<article class=\"w-grid-item post-6264 attachment type-attachment status-inherit hentry\" data-id=\"6264\">\r\n\t\t<div class=\"w-grid-item-h\">\r\n\t\t\t\t\t\t\t<a class=\"w-grid-item-anchor\" href=\"http:\/\/antiguacoffee.org\/wp-content\/uploads\/2018\/04\/apca-46.jpg\" ref=\"magnificPopupGrid\" title=\"apca-46\"><\/a>\r\n\t\t\t\t\t\t<div class=\"w-post-elm post_image usg_post_image_1 stretched\"><img width=\"1\" height=\"1\" src=\"http:\/\/antiguacoffee.org\/wp-content\/uploads\/2018\/04\/apca-46.jpg\" class=\"attachment-us_600_600_crop size-us_600_600_crop\" alt=\"\" loading=\"lazy\" \/><\/div>\t\t<\/div>\r\n\t<\/article>\r\n\t<article class=\"w-grid-item post-6265 attachment type-attachment status-inherit hentry\" data-id=\"6265\">\r\n\t\t<div class=\"w-grid-item-h\">\r\n\t\t\t\t\t\t\t<a class=\"w-grid-item-anchor\" href=\"http:\/\/antiguacoffee.org\/wp-content\/uploads\/2018\/04\/apca-54.jpg\" ref=\"magnificPopupGrid\" title=\"apca-54\"><\/a>\r\n\t\t\t\t\t\t<div class=\"w-post-elm post_image usg_post_image_1 stretched\"><img width=\"1\" height=\"1\" src=\"http:\/\/antiguacoffee.org\/wp-content\/uploads\/2018\/04\/apca-54.jpg\" class=\"attachment-us_600_600_crop size-us_600_600_crop\" alt=\"\" loading=\"lazy\" \/><\/div>\t\t<\/div>\r\n\t<\/article>\r\n\t<article class=\"w-grid-item post-6266 attachment type-attachment status-inherit hentry\" data-id=\"6266\">\r\n\t\t<div class=\"w-grid-item-h\">\r\n\t\t\t\t\t\t\t<a class=\"w-grid-item-anchor\" href=\"http:\/\/antiguacoffee.org\/wp-content\/uploads\/2018\/04\/apca-58.jpg\" ref=\"magnificPopupGrid\" title=\"apca-58\"><\/a>\r\n\t\t\t\t\t\t<div class=\"w-post-elm post_image usg_post_image_1 stretched\"><img width=\"1\" height=\"1\" src=\"http:\/\/antiguacoffee.org\/wp-content\/uploads\/2018\/04\/apca-58.jpg\" class=\"attachment-us_600_600_crop size-us_600_600_crop\" alt=\"\" loading=\"lazy\" \/><\/div>\t\t<\/div>\r\n\t<\/article>\r\n\t<article class=\"w-grid-item post-6267 attachment type-attachment status-inherit hentry\" data-id=\"6267\">\r\n\t\t<div class=\"w-grid-item-h\">\r\n\t\t\t\t\t\t\t<a class=\"w-grid-item-anchor\" href=\"http:\/\/antiguacoffee.org\/wp-content\/uploads\/2018\/04\/apca-75.jpg\" ref=\"magnificPopupGrid\" title=\"apca-75\"><\/a>\r\n\t\t\t\t\t\t<div class=\"w-post-elm post_image usg_post_image_1 stretched\"><img width=\"1\" height=\"1\" src=\"http:\/\/antiguacoffee.org\/wp-content\/uploads\/2018\/04\/apca-75.jpg\" class=\"attachment-us_600_600_crop size-us_600_600_crop\" alt=\"\" loading=\"lazy\" \/><\/div>\t\t<\/div>\r\n\t<\/article>\r\n<\/div><div class=\"w-grid-preloader\"><div class=\"g-preloader type_1\">\r\n\t<div><\/div>\r\n<\/div>\r\n<\/div>\t<div class=\"w-grid-json hidden\" onclick='return {&quot;action&quot;:&quot;us_ajax_grid&quot;,&quot;ajax_url&quot;:&quot;http:\\\/\\\/antiguacoffee.org\\\/wp-admin\\\/admin-ajax.php&quot;,&quot;infinite_scroll&quot;:0,&quot;max_num_pages&quot;:1,&quot;pagination&quot;:&quot;none&quot;,&quot;permalink_url&quot;:&quot;http:\\\/\\\/antiguacoffee.org\\\/wp-json\\\/wp\\\/v2\\\/pages\\\/5798&quot;,&quot;template_vars&quot;:{&quot;columns&quot;:&quot;3&quot;,&quot;exclude_items&quot;:&quot;none&quot;,&quot;img_size&quot;:&quot;us_600_600_crop&quot;,&quot;ignore_items_size&quot;:false,&quot;items_layout&quot;:&quot;gallery_default&quot;,&quot;items_offset&quot;:&quot;1&quot;,&quot;load_animation&quot;:&quot;none&quot;,&quot;overriding_link&quot;:&quot;popup_post_image&quot;,&quot;post_id&quot;:5798,&quot;query_args&quot;:{&quot;post_type&quot;:[&quot;attachment&quot;],&quot;post__in&quot;:[&quot;6259&quot;,&quot;6260&quot;,&quot;6261&quot;,&quot;6262&quot;,&quot;6263&quot;,&quot;6264&quot;,&quot;6265&quot;,&quot;6266&quot;,&quot;6267&quot;],&quot;post_status&quot;:&quot;inherit&quot;,&quot;post_mime_type&quot;:&quot;image&quot;,&quot;posts_per_page&quot;:999},&quot;orderby_query_args&quot;:{&quot;orderby&quot;:{&quot;post__in&quot;:&quot;ASC&quot;},&quot;order&quot;:&quot;ASC&quot;},&quot;type&quot;:&quot;grid&quot;,&quot;us_grid_ajax_index&quot;:1,&quot;us_grid_filter_params&quot;:null,&quot;us_grid_index&quot;:1,&quot;_us_grid_post_type&quot;:&quot;attachment&quot;}}'><\/div>\r\n\t<\/div><\/div><\/div><\/div><\/div><\/section>\n","protected":false},"excerpt":{"rendered":"","protected":false},"author":2,"featured_media":0,"parent":0,"menu_order":0,"comment_status":"closed","ping_status":"closed","template":"","meta":[],"_links":{"self":[{"href":"http:\/\/antiguacoffee.org\/index.php\/wp-json\/wp\/v2\/pages\/5798"}],"collection":[{"href":"http:\/\/antiguacoffee.org\/index.php\/wp-json\/wp\/v2\/pages"}],"about":[{"href":"http:\/\/antiguacoffee.org\/index.php\/wp-json\/wp\/v2\/types\/page"}],"author":[{"embeddable":true,"href":"http:\/\/antiguacoffee.org\/index.php\/wp-json\/wp\/v2\/users\/2"}],"replies":[{"embeddable":true,"href":"http:\/\/antiguacoffee.org\/index.php\/wp-json\/wp\/v2\/comments?post=5798"}],"version-history":[{"count":6,"href":"http:\/\/antiguacoffee.org\/index.php\/wp-json\/wp\/v2\/pages\/5798\/revisions"}],"predecessor-version":[{"id":6257,"href":"http:\/\/antiguacoffee.org\/index.php\/wp-json\/wp\/v2\/pages\/5798\/revisions\/6257"}],"wp:attachment":[{"href":"http:\/\/antiguacoffee.org\/index.php\/wp-json\/wp\/v2\/media?parent=5798"}],"curies":[{"name":"wp","href":"https:\/\/api.w.org\/{rel}","templated":true}]}}